{"id":1534,"date":"2020-03-12T11:35:50","date_gmt":"2020-03-12T11:35:50","guid":{"rendered":"https:\/\/asd-patent.com\/?page_id=1534"},"modified":"2023-03-24T10:52:58","modified_gmt":"2023-03-24T10:52:58","slug":"peter-faehndrich","status":"publish","type":"page","link":"https:\/\/asd-patent.com\/en\/peter-faehndrich","title":{"rendered":"Peter Faehndrich"},"content":{"rendered":"<div data-elementor-type=\"wp-page\" data-elementor-id=\"1534\" class=\"elementor elementor-1534\" data-elementor-post-type=\"page\">\n\t\t\t\t\t\t<section class=\"elementor-section elementor-top-section elementor-element elementor-element-66659eca elementor-section-height-min-height elementor-section-boxed elementor-section-height-default elementor-section-items-middle\" data-id=\"66659eca\" data-element_type=\"section\" data-e-type=\"section\" data-settings=\"{&quot;background_background&quot;:&quot;gradient&quot;}\">\n\t\t\t\t\t\t<div class=\"elementor-container elementor-column-gap-default\">\n\t\t\t\t\t<div class=\"elementor-column elementor-col-100 elementor-top-column elementor-element elementor-element-7d264fe1\" data-id=\"7d264fe1\" data-element_type=\"column\" data-e-type=\"column\" data-settings=\"{&quot;background_background&quot;:&quot;classic&quot;}\">\n\t\t\t<div class=\"elementor-widget-wrap elementor-element-populated\">\n\t\t\t\t\t\t<section class=\"elementor-section elementor-inner-section elementor-element elementor-element-686c1df elementor-section-boxed elementor-section-height-default elementor-section-height-default\" data-id=\"686c1df\" data-element_type=\"section\" data-e-type=\"section\">\n\t\t\t\t\t\t<div class=\"elementor-container elementor-column-gap-default\">\n\t\t\t\t\t<div class=\"elementor-column elementor-col-100 elementor-inner-column elementor-element elementor-element-9e74141\" data-id=\"9e74141\" data-element_type=\"column\" data-e-type=\"column\">\n\t\t\t<div class=\"elementor-widget-wrap elementor-element-populated\">\n\t\t\t\t\t\t<div class=\"elementor-element elementor-element-3d35f33 elementor-widget elementor-widget-heading\" data-id=\"3d35f33\" data-element_type=\"widget\" data-e-type=\"widget\" data-widget_type=\"heading.default\">\n\t\t\t\t<div class=\"elementor-widget-container\">\n\t\t\t\t\t<div class=\"elementor-heading-title elementor-size-default\">Dipl.-Ing.<\/div>\t\t\t\t<\/div>\n\t\t\t\t<\/div>\n\t\t\t\t<div class=\"elementor-element elementor-element-9298a84 elementor-widget elementor-widget-heading\" data-id=\"9298a84\" data-element_type=\"widget\" data-e-type=\"widget\" data-widget_type=\"heading.default\">\n\t\t\t\t<div class=\"elementor-widget-container\">\n\t\t\t\t\t<h3 class=\"elementor-heading-title elementor-size-default\">Peter Faehndrich<\/h3>\t\t\t\t<\/div>\n\t\t\t\t<\/div>\n\t\t\t\t<div class=\"elementor-element elementor-element-aee7671 elementor-widget elementor-widget-heading\" data-id=\"aee7671\" data-element_type=\"widget\" data-e-type=\"widget\" data-widget_type=\"heading.default\">\n\t\t\t\t<div class=\"elementor-widget-container\">\n\t\t\t\t\t<div class=\"elementor-heading-title elementor-size-default\">Patent Attorney, European Patent Attorney, European Trademark Attorney<\/div>\t\t\t\t<\/div>\n\t\t\t\t<\/div>\n\t\t\t\t<div class=\"elementor-element elementor-element-3c5c256 elementor-view-default elementor-widget elementor-widget-icon\" data-id=\"3c5c256\" data-element_type=\"widget\" data-e-type=\"widget\" data-widget_type=\"icon.default\">\n\t\t\t\t<div class=\"elementor-widget-container\">\n\t\t\t\t\t\t\t<div class=\"elementor-icon-wrapper\">\n\t\t\t<div class=\"elementor-icon\">\n\t\t\t<i aria-hidden=\"true\" class=\"fas fa-square-full\"><\/i>\t\t\t<\/div>\n\t\t<\/div>\n\t\t\t\t\t\t<\/div>\n\t\t\t\t<\/div>\n\t\t\t\t\t<\/div>\n\t\t<\/div>\n\t\t\t\t\t<\/div>\n\t\t<\/section>\n\t\t\t\t<section class=\"elementor-section elementor-inner-section elementor-element elementor-element-37768d7e elementor-section-boxed elementor-section-height-default elementor-section-height-default\" data-id=\"37768d7e\" data-element_type=\"section\" data-e-type=\"section\">\n\t\t\t\t\t\t<div class=\"elementor-container elementor-column-gap-default\">\n\t\t\t\t\t<div class=\"elementor-column elementor-col-100 elementor-inner-column elementor-element elementor-element-41032a90\" data-id=\"41032a90\" data-element_type=\"column\" data-e-type=\"column\">\n\t\t\t<div class=\"elementor-widget-wrap elementor-element-populated\">\n\t\t\t\t\t\t<div class=\"elementor-element elementor-element-570c8f68 elementor-widget elementor-widget-text-editor\" data-id=\"570c8f68\" data-element_type=\"widget\" data-e-type=\"widget\" data-widget_type=\"text-editor.default\">\n\t\t\t\t<div class=\"elementor-widget-container\">\n\t\t\t\t\t\t\t\t\t<div class=\"kc-elm kc-css-687056 kc_col-sm-8 kc_column kc_col-sm-8\">\n<div class=\"kc-col-container\">\n<div class=\"kc-elm kc-css-253187 kc_text_block\">\n<p>Peter Faehndrich studied brewing and beverage technology at the Technical University of Munich, Freising \u2013 Weihenstephan, Germany, and law for patent attorneys at the University of Hagen, Germany. He received his Diploma at the Institute for Brewing Technology 1 in the field of wheat beers and subsequently worked as a master brewer at Privatbrauerei Erdinger Wei\u00dfbr\u00e4u Werner Brombach GmbH.&nbsp;<\/p><p><br><\/p><p>He worked as a scientific assistant at the Technical University of Munich, Freising \u2013 Weihenstephan, Germany from 2005 to 2006.&nbsp;<span style=\"font-size: 16px;\">He started his career in the field af intellectual praperty in 2006 and worked for a law firm in Munich, advising international and domestic clients, before joining the team in Munich in 2011 (formerly Herzog Fiesser &amp; Partner).&nbsp;<\/span><\/p><p><span style=\"font-size: 16px;\"><br><\/span><\/p><p><span style=\"font-size: 16px;\">His areas of expertise include the prosecution, defence, licensing and enforcement of inventions in physics, engineering and materials sciences, in particular in the fields of medical technology, sensor technology and analytics.<\/span><\/p><p><span style=\"font-size: 16px;\"><br><\/span><\/p>\n<p><\/p>\n<\/div>\n<div class=\"kc-elm kc-css-720512 kc_text_block\">\n<p><strong>Languages<br><\/strong>German and English<\/p>\n<\/div>\n<\/div>\n<\/div>\t\t\t\t\t\t\t\t<\/div>\n\t\t\t\t<\/div>\n\t\t\t\t\t<\/div>\n\t\t<\/div>\n\t\t\t\t\t<\/div>\n\t\t<\/section>\n\t\t\t\t\t<\/div>\n\t\t<\/div>\n\t\t\t\t\t<\/div>\n\t\t<\/section>\n\t\t\t\t<section class=\"elementor-section elementor-top-section elementor-element elementor-element-e4c3df1 elementor-section-boxed elementor-section-height-default elementor-section-height-default\" data-id=\"e4c3df1\" data-element_type=\"section\" data-e-type=\"section\" data-settings=\"{&quot;background_background&quot;:&quot;classic&quot;}\">\n\t\t\t\t\t\t<div class=\"elementor-container elementor-column-gap-default\">\n\t\t\t\t\t<div class=\"elementor-column elementor-col-100 elementor-top-column elementor-element elementor-element-99e031d\" data-id=\"99e031d\" data-element_type=\"column\" data-e-type=\"column\" data-settings=\"{&quot;background_background&quot;:&quot;classic&quot;}\">\n\t\t\t<div class=\"elementor-widget-wrap elementor-element-populated\">\n\t\t\t\t\t\t<section class=\"elementor-section elementor-inner-section elementor-element elementor-element-2e80f25 elementor-section-boxed elementor-section-height-default elementor-section-height-default\" data-id=\"2e80f25\" data-element_type=\"section\" data-e-type=\"section\">\n\t\t\t\t\t\t<div class=\"elementor-container elementor-column-gap-default\">\n\t\t\t\t\t<div class=\"elementor-column elementor-col-50 elementor-inner-column elementor-element elementor-element-45edbc9\" data-id=\"45edbc9\" data-element_type=\"column\" data-e-type=\"column\">\n\t\t\t<div class=\"elementor-widget-wrap elementor-element-populated\">\n\t\t\t\t\t\t<div class=\"elementor-element elementor-element-b96c47a elementor-widget elementor-widget-image\" data-id=\"b96c47a\" data-element_type=\"widget\" data-e-type=\"widget\" data-widget_type=\"image.default\">\n\t\t\t\t<div class=\"elementor-widget-container\">\n\t\t\t\t\t\t\t\t\t\t\t\t\t\t\t<img fetchpriority=\"high\" decoding=\"async\" width=\"500\" height=\"620\" src=\"https:\/\/asd-patent.com\/wp-content\/uploads\/2022\/02\/ASDIP_Vorlage_Portrait_2.jpg\" class=\"attachment-large size-large wp-image-3442\" alt=\"\" srcset=\"https:\/\/asd-patent.com\/wp-content\/uploads\/2022\/02\/ASDIP_Vorlage_Portrait_2.jpg 500w, https:\/\/asd-patent.com\/wp-content\/uploads\/2022\/02\/ASDIP_Vorlage_Portrait_2-242x300.jpg 242w\" sizes=\"(max-width: 500px) 100vw, 500px\" \/>\t\t\t\t\t\t\t\t\t\t\t\t\t\t\t<\/div>\n\t\t\t\t<\/div>\n\t\t\t\t\t<\/div>\n\t\t<\/div>\n\t\t\t\t<div class=\"elementor-column elementor-col-50 elementor-inner-column elementor-element elementor-element-6982f8d\" data-id=\"6982f8d\" data-element_type=\"column\" data-e-type=\"column\">\n\t\t\t<div class=\"elementor-widget-wrap elementor-element-populated\">\n\t\t\t\t\t\t<div class=\"elementor-element elementor-element-d62560d elementor-widget elementor-widget-heading\" data-id=\"d62560d\" data-element_type=\"widget\" data-e-type=\"widget\" data-widget_type=\"heading.default\">\n\t\t\t\t<div class=\"elementor-widget-container\">\n\t\t\t\t\t<h6 class=\"elementor-heading-title elementor-size-default\">Associate | Office M\u00fcnchen<\/h6>\t\t\t\t<\/div>\n\t\t\t\t<\/div>\n\t\t\t\t<div class=\"elementor-element elementor-element-517f08d elementor-widget elementor-widget-text-editor\" data-id=\"517f08d\" data-element_type=\"widget\" data-e-type=\"widget\" data-widget_type=\"text-editor.default\">\n\t\t\t\t<div class=\"elementor-widget-container\">\n\t\t\t\t\t\t\t\t\t<p><strong>Peter Faehndrich<\/strong><\/p><p style=\"font-size: 17px; font-style: normal; text-align: left;\">Isartorplatz 1<br \/>D-80331 M\u00fcnchen<br \/>Tel. +49 (0) 89 212 160 0<br \/>Fax +49 (0) 89 212 160 66<br \/><a href=\"mailto:peter.faehndrich@asd-patent.com\">peter.faehndrich@asd-patent.com<\/a><\/p>\t\t\t\t\t\t\t\t<\/div>\n\t\t\t\t<\/div>\n\t\t\t\t<div class=\"elementor-element elementor-element-f2b3dbb elementor-widget elementor-widget-button\" data-id=\"f2b3dbb\" data-element_type=\"widget\" data-e-type=\"widget\" data-widget_type=\"button.default\">\n\t\t\t\t<div class=\"elementor-widget-container\">\n\t\t\t\t\t\t\t\t\t<div class=\"elementor-button-wrapper\">\n\t\t\t\t\t<a class=\"elementor-button elementor-button-link elementor-size-sm elementor-animation-grow\" href=\"https:\/\/asd-patent.com\/en\/team\/\">\n\t\t\t\t\t\t<span class=\"elementor-button-content-wrapper\">\n\t\t\t\t\t\t\t\t\t<span class=\"elementor-button-text\">BACK TO THE TEAM<\/span>\n\t\t\t\t\t<\/span>\n\t\t\t\t\t<\/a>\n\t\t\t\t<\/div>\n\t\t\t\t\t\t\t\t<\/div>\n\t\t\t\t<\/div>\n\t\t\t\t\t<\/div>\n\t\t<\/div>\n\t\t\t\t\t<\/div>\n\t\t<\/section>\n\t\t\t\t\t<\/div>\n\t\t<\/div>\n\t\t\t\t\t<\/div>\n\t\t<\/section>\n\t\t\t\t<section class=\"elementor-section elementor-top-section elementor-element elementor-element-48715833 elementor-section-boxed elementor-section-height-default elementor-section-height-default\" data-id=\"48715833\" data-element_type=\"section\" data-e-type=\"section\" data-settings=\"{&quot;background_background&quot;:&quot;classic&quot;}\">\n\t\t\t\t\t\t<div class=\"elementor-container elementor-column-gap-default\">\n\t\t\t\t\t<div class=\"elementor-column elementor-col-100 elementor-top-column elementor-element elementor-element-7075b631\" data-id=\"7075b631\" data-element_type=\"column\" data-e-type=\"column\">\n\t\t\t<div class=\"elementor-widget-wrap elementor-element-populated\">\n\t\t\t\t\t\t<div class=\"elementor-element elementor-element-b1f6295 elementor-widget elementor-widget-image\" data-id=\"b1f6295\" data-element_type=\"widget\" data-e-type=\"widget\" data-widget_type=\"image.default\">\n\t\t\t\t<div class=\"elementor-widget-container\">\n\t\t\t\t\t\t\t\t\t\t\t\t\t\t\t<img decoding=\"async\" width=\"300\" height=\"144\" src=\"https:\/\/asd-patent.com\/wp-content\/uploads\/2020\/06\/asdp-300x144.png\" class=\"attachment-medium size-medium wp-image-2252\" alt=\"\" srcset=\"https:\/\/asd-patent.com\/wp-content\/uploads\/2020\/06\/asdp-300x144.png 300w, https:\/\/asd-patent.com\/wp-content\/uploads\/2020\/06\/asdp-1024x491.png 1024w, https:\/\/asd-patent.com\/wp-content\/uploads\/2020\/06\/asdp-768x369.png 768w, https:\/\/asd-patent.com\/wp-content\/uploads\/2020\/06\/asdp.png 1096w\" sizes=\"(max-width: 300px) 100vw, 300px\" \/>\t\t\t\t\t\t\t\t\t\t\t\t\t\t\t<\/div>\n\t\t\t\t<\/div>\n\t\t\t\t\t<\/div>\n\t\t<\/div>\n\t\t\t\t\t<\/div>\n\t\t<\/section>\n\t\t\t\t<\/div>","protected":false},"excerpt":{"rendered":"<p>Dipl.-Ing. Peter Faehndrich Patentanwalt, European Patent Attorney, European Trademark Attorney Peter Faehndrich studierte Brauwesen und Getr\u00e4nketechnologie an der Technischen Universit\u00e4t M\u00fcnchen, Freising \u2013 Weihenstephan, und Recht f\u00fcr Patentanw\u00e4lte an der Fernuniversit\u00e4t Hagen. Er schloss sein Studium am Lehrstuhl f\u00fcr Technologie der Brauerei 1 mit einem Diplom auf dem Gebiet der Weizenbiere ab und arbeitete daraufhin [&hellip;]<\/p>","protected":false},"author":1,"featured_media":0,"parent":0,"menu_order":0,"comment_status":"closed","ping_status":"closed","template":"","meta":{"footnotes":""},"class_list":["post-1534","page","type-page","status-publish","hentry"],"_links":{"self":[{"href":"https:\/\/asd-patent.com\/en\/wp-json\/wp\/v2\/pages\/1534","targetHints":{"allow":["GET"]}}],"collection":[{"href":"https:\/\/asd-patent.com\/en\/wp-json\/wp\/v2\/pages"}],"about":[{"href":"https:\/\/asd-patent.com\/en\/wp-json\/wp\/v2\/types\/page"}],"author":[{"embeddable":true,"href":"https:\/\/asd-patent.com\/en\/wp-json\/wp\/v2\/users\/1"}],"replies":[{"embeddable":true,"href":"https:\/\/asd-patent.com\/en\/wp-json\/wp\/v2\/comments?post=1534"}],"version-history":[{"count":43,"href":"https:\/\/asd-patent.com\/en\/wp-json\/wp\/v2\/pages\/1534\/revisions"}],"predecessor-version":[{"id":8205,"href":"https:\/\/asd-patent.com\/en\/wp-json\/wp\/v2\/pages\/1534\/revisions\/8205"}],"wp:attachment":[{"href":"https:\/\/asd-patent.com\/en\/wp-json\/wp\/v2\/media?parent=1534"}],"curies":[{"name":"wp","href":"https:\/\/api.w.org\/{rel}","templated":true}]}}