{"id":1560,"date":"2020-03-12T11:48:34","date_gmt":"2020-03-12T11:48:34","guid":{"rendered":"https:\/\/asd-patent.com\/?page_id=1560"},"modified":"2023-03-24T11:11:04","modified_gmt":"2023-03-24T11:11:04","slug":"bernhard-neuhierl","status":"publish","type":"page","link":"https:\/\/asd-patent.com\/en\/bernhard-neuhierl","title":{"rendered":"Bernhard Neuhierl"},"content":{"rendered":"<div data-elementor-type=\"wp-page\" data-elementor-id=\"1560\" class=\"elementor elementor-1560\" data-elementor-post-type=\"page\">\n\t\t\t\t\t\t<section class=\"elementor-section elementor-top-section elementor-element elementor-element-dd57567 elementor-section-height-min-height elementor-section-boxed elementor-section-height-default elementor-section-items-middle\" data-id=\"dd57567\" data-element_type=\"section\" data-e-type=\"section\" data-settings=\"{&quot;background_background&quot;:&quot;gradient&quot;}\">\n\t\t\t\t\t\t<div class=\"elementor-container elementor-column-gap-default\">\n\t\t\t\t\t<div class=\"elementor-column elementor-col-100 elementor-top-column elementor-element elementor-element-5cddae23\" data-id=\"5cddae23\" data-element_type=\"column\" data-e-type=\"column\" data-settings=\"{&quot;background_background&quot;:&quot;classic&quot;}\">\n\t\t\t<div class=\"elementor-widget-wrap elementor-element-populated\">\n\t\t\t\t\t\t<section class=\"elementor-section elementor-inner-section elementor-element elementor-element-2e6c67b elementor-section-boxed elementor-section-height-default elementor-section-height-default\" data-id=\"2e6c67b\" data-element_type=\"section\" data-e-type=\"section\">\n\t\t\t\t\t\t<div class=\"elementor-container elementor-column-gap-default\">\n\t\t\t\t\t<div class=\"elementor-column elementor-col-100 elementor-inner-column elementor-element elementor-element-46857f9\" data-id=\"46857f9\" data-element_type=\"column\" data-e-type=\"column\">\n\t\t\t<div class=\"elementor-widget-wrap elementor-element-populated\">\n\t\t\t\t\t\t<div class=\"elementor-element elementor-element-c0a3f6f elementor-widget elementor-widget-heading\" data-id=\"c0a3f6f\" data-element_type=\"widget\" data-e-type=\"widget\" data-widget_type=\"heading.default\">\n\t\t\t\t<div class=\"elementor-widget-container\">\n\t\t\t\t\t<div class=\"elementor-heading-title elementor-size-default\">Dr.rer.nat. Dipl.-Biol.<\/div>\t\t\t\t<\/div>\n\t\t\t\t<\/div>\n\t\t\t\t<div class=\"elementor-element elementor-element-320064f elementor-widget elementor-widget-heading\" data-id=\"320064f\" data-element_type=\"widget\" data-e-type=\"widget\" data-widget_type=\"heading.default\">\n\t\t\t\t<div class=\"elementor-widget-container\">\n\t\t\t\t\t<h3 class=\"elementor-heading-title elementor-size-default\">Bernhard Neuhierl<\/h3>\t\t\t\t<\/div>\n\t\t\t\t<\/div>\n\t\t\t\t<div class=\"elementor-element elementor-element-0de68a7 elementor-widget elementor-widget-heading\" data-id=\"0de68a7\" data-element_type=\"widget\" data-e-type=\"widget\" data-widget_type=\"heading.default\">\n\t\t\t\t<div class=\"elementor-widget-container\">\n\t\t\t\t\t<div class=\"elementor-heading-title elementor-size-default\">Patent Attorney, European Patent Attorney, European Trademark Attorney<\/div>\t\t\t\t<\/div>\n\t\t\t\t<\/div>\n\t\t\t\t<div class=\"elementor-element elementor-element-3f78b4a elementor-view-default elementor-widget elementor-widget-icon\" data-id=\"3f78b4a\" data-element_type=\"widget\" data-e-type=\"widget\" data-widget_type=\"icon.default\">\n\t\t\t\t<div class=\"elementor-widget-container\">\n\t\t\t\t\t\t\t<div class=\"elementor-icon-wrapper\">\n\t\t\t<div class=\"elementor-icon\">\n\t\t\t<i aria-hidden=\"true\" class=\"fas fa-square-full\"><\/i>\t\t\t<\/div>\n\t\t<\/div>\n\t\t\t\t\t\t<\/div>\n\t\t\t\t<\/div>\n\t\t\t\t\t<\/div>\n\t\t<\/div>\n\t\t\t\t\t<\/div>\n\t\t<\/section>\n\t\t\t\t<section class=\"elementor-section elementor-inner-section elementor-element elementor-element-23aba1c2 elementor-section-boxed elementor-section-height-default elementor-section-height-default\" data-id=\"23aba1c2\" data-element_type=\"section\" data-e-type=\"section\">\n\t\t\t\t\t\t<div class=\"elementor-container elementor-column-gap-default\">\n\t\t\t\t\t<div class=\"elementor-column elementor-col-100 elementor-inner-column elementor-element elementor-element-335eee34\" data-id=\"335eee34\" data-element_type=\"column\" data-e-type=\"column\">\n\t\t\t<div class=\"elementor-widget-wrap elementor-element-populated\">\n\t\t\t\t\t\t<div class=\"elementor-element elementor-element-40e833a7 elementor-widget elementor-widget-text-editor\" data-id=\"40e833a7\" data-element_type=\"widget\" data-e-type=\"widget\" data-widget_type=\"text-editor.default\">\n\t\t\t\t<div class=\"elementor-widget-container\">\n\t\t\t\t\t\t\t\t\t<div class=\"kc-elm kc-css-253187 kc_text_block\"><p>Dr. Bernhard Neuhierl studied biology, majoring in microbiology, at the Ludwig-Maximilians-University (LMU), Munich. He received his Diploma and his doctorate degree at the Institute of Microbiology in the field of selenium metabolism in microorganisms and in higher plants and worked as a research scientist in the field of virology at the Helmholtz-Zentrum Munich, at Vaecgene Biotech, Munich, and at the German Cancer Research Center (DKFZ), Heidelberg.<\/p><p>\u00a0<\/p><p>He started his career in the field of intellectual property in 2008, working at the Office for Technology Transfer of the DKFZ, before joining our team (formerly Herzog Fiesser &amp; Partner) in Mannheim in 2012.\u00a0<\/p><p>\u00a0<\/p><p>His areas of expertise include prosecution, defence, enforcement of inventions, freedom to operate and infringement analyses as well as employee\u2019s invention law and license agreement consulting. His areas of technical expertise are biotechnology, pharma diagnostics, and life sciences.<\/p><p>\u00a0<\/p><\/div><div class=\"kc-elm kc-css-720512 kc_text_block\"><p><strong>Languages<br \/><\/strong>German and English<\/p><\/div>\t\t\t\t\t\t\t\t<\/div>\n\t\t\t\t<\/div>\n\t\t\t\t\t<\/div>\n\t\t<\/div>\n\t\t\t\t\t<\/div>\n\t\t<\/section>\n\t\t\t\t\t<\/div>\n\t\t<\/div>\n\t\t\t\t\t<\/div>\n\t\t<\/section>\n\t\t\t\t<section class=\"elementor-section elementor-top-section elementor-element elementor-element-e4c3df1 elementor-section-boxed elementor-section-height-default elementor-section-height-default\" data-id=\"e4c3df1\" data-element_type=\"section\" data-e-type=\"section\" data-settings=\"{&quot;background_background&quot;:&quot;classic&quot;}\">\n\t\t\t\t\t\t<div class=\"elementor-container elementor-column-gap-default\">\n\t\t\t\t\t<div class=\"elementor-column elementor-col-100 elementor-top-column elementor-element elementor-element-99e031d\" data-id=\"99e031d\" data-element_type=\"column\" data-e-type=\"column\" data-settings=\"{&quot;background_background&quot;:&quot;classic&quot;}\">\n\t\t\t<div class=\"elementor-widget-wrap elementor-element-populated\">\n\t\t\t\t\t\t<section class=\"elementor-section elementor-inner-section elementor-element elementor-element-2e80f25 elementor-section-boxed elementor-section-height-default elementor-section-height-default\" data-id=\"2e80f25\" data-element_type=\"section\" data-e-type=\"section\">\n\t\t\t\t\t\t<div class=\"elementor-container elementor-column-gap-default\">\n\t\t\t\t\t<div class=\"elementor-column elementor-col-50 elementor-inner-column elementor-element elementor-element-45edbc9\" data-id=\"45edbc9\" data-element_type=\"column\" data-e-type=\"column\">\n\t\t\t<div class=\"elementor-widget-wrap elementor-element-populated\">\n\t\t\t\t\t\t<div class=\"elementor-element elementor-element-b96c47a elementor-widget elementor-widget-image\" data-id=\"b96c47a\" data-element_type=\"widget\" data-e-type=\"widget\" data-widget_type=\"image.default\">\n\t\t\t\t<div class=\"elementor-widget-container\">\n\t\t\t\t\t\t\t\t\t\t\t\t\t\t\t<img fetchpriority=\"high\" decoding=\"async\" width=\"500\" height=\"620\" src=\"https:\/\/asd-patent.com\/wp-content\/uploads\/2022\/02\/ASDIP_Neuhierl_Portrait_1.jpg\" class=\"attachment-large size-large wp-image-3445\" alt=\"\" srcset=\"https:\/\/asd-patent.com\/wp-content\/uploads\/2022\/02\/ASDIP_Neuhierl_Portrait_1.jpg 500w, https:\/\/asd-patent.com\/wp-content\/uploads\/2022\/02\/ASDIP_Neuhierl_Portrait_1-242x300.jpg 242w\" sizes=\"(max-width: 500px) 100vw, 500px\" \/>\t\t\t\t\t\t\t\t\t\t\t\t\t\t\t<\/div>\n\t\t\t\t<\/div>\n\t\t\t\t\t<\/div>\n\t\t<\/div>\n\t\t\t\t<div class=\"elementor-column elementor-col-50 elementor-inner-column elementor-element elementor-element-6982f8d\" data-id=\"6982f8d\" data-element_type=\"column\" data-e-type=\"column\">\n\t\t\t<div class=\"elementor-widget-wrap elementor-element-populated\">\n\t\t\t\t\t\t<div class=\"elementor-element elementor-element-d62560d elementor-widget elementor-widget-heading\" data-id=\"d62560d\" data-element_type=\"widget\" data-e-type=\"widget\" data-widget_type=\"heading.default\">\n\t\t\t\t<div class=\"elementor-widget-container\">\n\t\t\t\t\t<h6 class=\"elementor-heading-title elementor-size-default\">Associate | Office Mannheim<\/h6>\t\t\t\t<\/div>\n\t\t\t\t<\/div>\n\t\t\t\t<div class=\"elementor-element elementor-element-517f08d elementor-widget elementor-widget-text-editor\" data-id=\"517f08d\" data-element_type=\"widget\" data-e-type=\"widget\" data-widget_type=\"text-editor.default\">\n\t\t\t\t<div class=\"elementor-widget-container\">\n\t\t\t\t\t\t\t\t\t<p><strong>Bernhard Neuhierl<\/strong><\/p>\n<p style=\"font-size: 17px; font-style: normal; text-align: left;\">Theodor-Heuss-Anlage 2<br>D-68165 Mannheim<br>Tel. +49 (0) 621 391 813 400<br>Fax +49 (0) 621 391 813 444<br><a href=\"mailto:bernhard.neuhierl@asd-patent.com\">bernhard.neuhierl@asd-patent.com<\/a><\/p>\t\t\t\t\t\t\t\t<\/div>\n\t\t\t\t<\/div>\n\t\t\t\t<div class=\"elementor-element elementor-element-f2b3dbb elementor-widget elementor-widget-button\" data-id=\"f2b3dbb\" data-element_type=\"widget\" data-e-type=\"widget\" data-widget_type=\"button.default\">\n\t\t\t\t<div class=\"elementor-widget-container\">\n\t\t\t\t\t\t\t\t\t<div class=\"elementor-button-wrapper\">\n\t\t\t\t\t<a class=\"elementor-button elementor-button-link elementor-size-sm elementor-animation-grow\" href=\"https:\/\/asd-patent.com\/en\/team\/\">\n\t\t\t\t\t\t<span class=\"elementor-button-content-wrapper\">\n\t\t\t\t\t\t\t\t\t<span class=\"elementor-button-text\">BACK TO THE TEAM<\/span>\n\t\t\t\t\t<\/span>\n\t\t\t\t\t<\/a>\n\t\t\t\t<\/div>\n\t\t\t\t\t\t\t\t<\/div>\n\t\t\t\t<\/div>\n\t\t\t\t\t<\/div>\n\t\t<\/div>\n\t\t\t\t\t<\/div>\n\t\t<\/section>\n\t\t\t\t\t<\/div>\n\t\t<\/div>\n\t\t\t\t\t<\/div>\n\t\t<\/section>\n\t\t\t\t<section class=\"elementor-section elementor-top-section elementor-element elementor-element-6b9839c elementor-section-boxed elementor-section-height-default elementor-section-height-default\" data-id=\"6b9839c\" data-element_type=\"section\" data-e-type=\"section\">\n\t\t\t\t\t\t<div class=\"elementor-container elementor-column-gap-default\">\n\t\t\t\t\t<div class=\"elementor-column elementor-col-100 elementor-top-column elementor-element elementor-element-1da833e\" data-id=\"1da833e\" data-element_type=\"column\" data-e-type=\"column\">\n\t\t\t<div class=\"elementor-widget-wrap\">\n\t\t\t\t\t\t\t<\/div>\n\t\t<\/div>\n\t\t\t\t\t<\/div>\n\t\t<\/section>\n\t\t\t\t<section class=\"elementor-section elementor-top-section elementor-element elementor-element-2a0f4e0 elementor-section-boxed elementor-section-height-default elementor-section-height-default\" data-id=\"2a0f4e0\" data-element_type=\"section\" data-e-type=\"section\" data-settings=\"{&quot;background_background&quot;:&quot;classic&quot;}\">\n\t\t\t\t\t\t<div class=\"elementor-container elementor-column-gap-default\">\n\t\t\t\t\t<div class=\"elementor-column elementor-col-100 elementor-top-column elementor-element elementor-element-2969cae4\" data-id=\"2969cae4\" data-element_type=\"column\" data-e-type=\"column\">\n\t\t\t<div class=\"elementor-widget-wrap elementor-element-populated\">\n\t\t\t\t\t\t<div class=\"elementor-element elementor-element-545fb0f3 elementor-widget elementor-widget-image\" data-id=\"545fb0f3\" data-element_type=\"widget\" data-e-type=\"widget\" data-widget_type=\"image.default\">\n\t\t\t\t<div class=\"elementor-widget-container\">\n\t\t\t\t\t\t\t\t\t\t\t\t\t\t\t<img decoding=\"async\" width=\"300\" height=\"144\" src=\"https:\/\/asd-patent.com\/wp-content\/uploads\/2020\/06\/asdp-300x144.png\" class=\"attachment-medium size-medium wp-image-2252\" alt=\"\" srcset=\"https:\/\/asd-patent.com\/wp-content\/uploads\/2020\/06\/asdp-300x144.png 300w, https:\/\/asd-patent.com\/wp-content\/uploads\/2020\/06\/asdp-1024x491.png 1024w, https:\/\/asd-patent.com\/wp-content\/uploads\/2020\/06\/asdp-768x369.png 768w, https:\/\/asd-patent.com\/wp-content\/uploads\/2020\/06\/asdp.png 1096w\" sizes=\"(max-width: 300px) 100vw, 300px\" \/>\t\t\t\t\t\t\t\t\t\t\t\t\t\t\t<\/div>\n\t\t\t\t<\/div>\n\t\t\t\t\t<\/div>\n\t\t<\/div>\n\t\t\t\t\t<\/div>\n\t\t<\/section>\n\t\t\t\t<\/div>","protected":false},"excerpt":{"rendered":"<p>Dr.rer.nat. Dipl.-Biol. Bernhard Neuhierl Patentanwalt, European Patent Attorney, European Trademark Attorney Dr. Neuhierl studierte Biologie mit Hauptfach Mikrobiologie an der Ludwig-Maximilians-Universit\u00e4t (LMU) in M\u00fcnchen. Nach Abschluss seines Diplomstudiums promovierte er am Institut f\u00fcr Mikrobiologie auf dem Gebiet des Selenstoffwechsels in Mikroorganismen und in h\u00f6heren Pflanzen. Danach forschte er auf dem Gebiet der Virologie am Helmholtz-Zentrum [&hellip;]<\/p>","protected":false},"author":1,"featured_media":0,"parent":0,"menu_order":0,"comment_status":"closed","ping_status":"closed","template":"","meta":{"footnotes":""},"class_list":["post-1560","page","type-page","status-publish","hentry"],"_links":{"self":[{"href":"https:\/\/asd-patent.com\/en\/wp-json\/wp\/v2\/pages\/1560","targetHints":{"allow":["GET"]}}],"collection":[{"href":"https:\/\/asd-patent.com\/en\/wp-json\/wp\/v2\/pages"}],"about":[{"href":"https:\/\/asd-patent.com\/en\/wp-json\/wp\/v2\/types\/page"}],"author":[{"embeddable":true,"href":"https:\/\/asd-patent.com\/en\/wp-json\/wp\/v2\/users\/1"}],"replies":[{"embeddable":true,"href":"https:\/\/asd-patent.com\/en\/wp-json\/wp\/v2\/comments?post=1560"}],"version-history":[{"count":52,"href":"https:\/\/asd-patent.com\/en\/wp-json\/wp\/v2\/pages\/1560\/revisions"}],"predecessor-version":[{"id":8263,"href":"https:\/\/asd-patent.com\/en\/wp-json\/wp\/v2\/pages\/1560\/revisions\/8263"}],"wp:attachment":[{"href":"https:\/\/asd-patent.com\/en\/wp-json\/wp\/v2\/media?parent=1560"}],"curies":[{"name":"wp","href":"https:\/\/api.w.org\/{rel}","templated":true}]}}