{"id":3582,"date":"2022-03-18T11:04:02","date_gmt":"2022-03-18T11:04:02","guid":{"rendered":"https:\/\/asd-patent.com\/?page_id=3582"},"modified":"2025-07-15T09:03:23","modified_gmt":"2025-07-15T09:03:23","slug":"start","status":"publish","type":"page","link":"https:\/\/asd-patent.com\/en\/start","title":{"rendered":"Start"},"content":{"rendered":"<div data-elementor-type=\"wp-page\" data-elementor-id=\"3582\" class=\"elementor elementor-3582\" data-elementor-post-type=\"page\">\n\t\t\t\t\t\t<section class=\"elementor-section elementor-top-section elementor-element elementor-element-86fb630 elementor-section-height-min-height elementor-hidden-tablet elementor-hidden-phone elementor-section-boxed elementor-section-height-default elementor-section-items-middle\" data-id=\"86fb630\" data-element_type=\"section\" data-e-type=\"section\" data-settings=\"{&quot;background_background&quot;:&quot;classic&quot;}\">\n\t\t\t\t\t\t\t<div class=\"elementor-background-overlay\"><\/div>\n\t\t\t\t\t\t\t<div class=\"elementor-container elementor-column-gap-default\">\n\t\t\t\t\t<div class=\"elementor-column elementor-col-100 elementor-top-column elementor-element elementor-element-53a5fd8\" data-id=\"53a5fd8\" data-element_type=\"column\" data-e-type=\"column\" data-settings=\"{&quot;background_background&quot;:&quot;classic&quot;}\">\n\t\t\t<div class=\"elementor-widget-wrap elementor-element-populated\">\n\t\t\t\t\t\t<div class=\"elementor-element elementor-element-2e900a3 elementor-widget elementor-widget-heading\" data-id=\"2e900a3\" data-element_type=\"widget\" data-e-type=\"widget\" data-widget_type=\"heading.default\">\n\t\t\t\t<div class=\"elementor-widget-container\">\n\t\t\t\t\t<h2 class=\"elementor-heading-title elementor-size-default\">YOUR PARTNER FOR <br>\nINTELLECTUAL PROPERTY<\/h2>\t\t\t\t<\/div>\n\t\t\t\t<\/div>\n\t\t\t\t<div class=\"elementor-element elementor-element-b831d31 elementor-view-default elementor-widget elementor-widget-icon\" data-id=\"b831d31\" data-element_type=\"widget\" data-e-type=\"widget\" data-widget_type=\"icon.default\">\n\t\t\t\t<div class=\"elementor-widget-container\">\n\t\t\t\t\t\t\t<div class=\"elementor-icon-wrapper\">\n\t\t\t<div class=\"elementor-icon\">\n\t\t\t<i aria-hidden=\"true\" class=\"fas fa-square-full\"><\/i>\t\t\t<\/div>\n\t\t<\/div>\n\t\t\t\t\t\t<\/div>\n\t\t\t\t<\/div>\n\t\t\t\t<div class=\"elementor-element elementor-element-938759c elementor-widget elementor-widget-text-editor\" data-id=\"938759c\" data-element_type=\"widget\" data-e-type=\"widget\" data-widget_type=\"text-editor.default\">\n\t\t\t\t<div class=\"elementor-widget-container\">\n\t\t\t\t\t\t\t\t\t<p>The trust placed in our expertise by our long-term national and international clients is our recommendation.<\/p>\t\t\t\t\t\t\t\t<\/div>\n\t\t\t\t<\/div>\n\t\t\t\t\t<\/div>\n\t\t<\/div>\n\t\t\t\t\t<\/div>\n\t\t<\/section>\n\t\t\t\t<section class=\"elementor-section elementor-top-section elementor-element elementor-element-55d3e10 elementor-hidden-desktop elementor-section-boxed elementor-section-height-default elementor-section-height-default\" data-id=\"55d3e10\" data-element_type=\"section\" data-e-type=\"section\" data-settings=\"{&quot;background_background&quot;:&quot;classic&quot;}\">\n\t\t\t\t\t\t\t<div class=\"elementor-background-overlay\"><\/div>\n\t\t\t\t\t\t\t<div class=\"elementor-container elementor-column-gap-default\">\n\t\t\t\t\t<div class=\"elementor-column elementor-col-100 elementor-top-column elementor-element elementor-element-3fd3b33\" data-id=\"3fd3b33\" data-element_type=\"column\" data-e-type=\"column\" data-settings=\"{&quot;background_background&quot;:&quot;classic&quot;}\">\n\t\t\t<div class=\"elementor-widget-wrap elementor-element-populated\">\n\t\t\t\t\t\t<section class=\"elementor-section elementor-inner-section elementor-element elementor-element-6b43917 elementor-section-boxed elementor-section-height-default elementor-section-height-default\" data-id=\"6b43917\" data-element_type=\"section\" data-e-type=\"section\">\n\t\t\t\t\t\t<div class=\"elementor-container elementor-column-gap-default\">\n\t\t\t\t\t<div class=\"elementor-column elementor-col-100 elementor-inner-column elementor-element elementor-element-d1971cb\" data-id=\"d1971cb\" data-element_type=\"column\" data-e-type=\"column\">\n\t\t\t<div class=\"elementor-widget-wrap elementor-element-populated\">\n\t\t\t\t\t\t<div class=\"elementor-element elementor-element-1e48129 elementor-widget elementor-widget-heading\" data-id=\"1e48129\" data-element_type=\"widget\" data-e-type=\"widget\" data-widget_type=\"heading.default\">\n\t\t\t\t<div class=\"elementor-widget-container\">\n\t\t\t\t\t<h2 class=\"elementor-heading-title elementor-size-default\">YOUR PARTNER FOR <br>INTELLECTUAL PROPERTY<\/h2>\t\t\t\t<\/div>\n\t\t\t\t<\/div>\n\t\t\t\t\t<\/div>\n\t\t<\/div>\n\t\t\t\t\t<\/div>\n\t\t<\/section>\n\t\t\t\t<section class=\"elementor-section elementor-inner-section elementor-element elementor-element-ef7ae25 elementor-section-boxed elementor-section-height-default elementor-section-height-default\" data-id=\"ef7ae25\" data-element_type=\"section\" data-e-type=\"section\">\n\t\t\t\t\t\t<div class=\"elementor-container elementor-column-gap-default\">\n\t\t\t\t\t<div class=\"elementor-column elementor-col-100 elementor-inner-column elementor-element elementor-element-1be63da\" data-id=\"1be63da\" data-element_type=\"column\" data-e-type=\"column\">\n\t\t\t<div class=\"elementor-widget-wrap elementor-element-populated\">\n\t\t\t\t\t\t<div class=\"elementor-element elementor-element-41683f6 elementor-view-default elementor-widget elementor-widget-icon\" data-id=\"41683f6\" data-element_type=\"widget\" data-e-type=\"widget\" data-widget_type=\"icon.default\">\n\t\t\t\t<div class=\"elementor-widget-container\">\n\t\t\t\t\t\t\t<div class=\"elementor-icon-wrapper\">\n\t\t\t<div class=\"elementor-icon\">\n\t\t\t<i aria-hidden=\"true\" class=\"fas fa-square-full\"><\/i>\t\t\t<\/div>\n\t\t<\/div>\n\t\t\t\t\t\t<\/div>\n\t\t\t\t<\/div>\n\t\t\t\t\t<\/div>\n\t\t<\/div>\n\t\t\t\t\t<\/div>\n\t\t<\/section>\n\t\t\t\t<section class=\"elementor-section elementor-inner-section elementor-element elementor-element-8755757 elementor-section-boxed elementor-section-height-default elementor-section-height-default\" data-id=\"8755757\" data-element_type=\"section\" data-e-type=\"section\">\n\t\t\t\t\t\t<div class=\"elementor-container elementor-column-gap-default\">\n\t\t\t\t\t<div class=\"elementor-column elementor-col-100 elementor-inner-column elementor-element elementor-element-01db3b3\" data-id=\"01db3b3\" data-element_type=\"column\" data-e-type=\"column\">\n\t\t\t<div class=\"elementor-widget-wrap elementor-element-populated\">\n\t\t\t\t\t\t<div class=\"elementor-element elementor-element-b51d931 elementor-widget elementor-widget-text-editor\" data-id=\"b51d931\" data-element_type=\"widget\" data-e-type=\"widget\" data-widget_type=\"text-editor.default\">\n\t\t\t\t<div class=\"elementor-widget-container\">\n\t\t\t\t\t\t\t\t\t<p style=\"font-style: normal; text-align: left;\"><span style=\"font-size: 14pt;\">The trust placed in our expertise by our long-term national and international clients is our recommendation.<\/span><\/p>\t\t\t\t\t\t\t\t<\/div>\n\t\t\t\t<\/div>\n\t\t\t\t\t<\/div>\n\t\t<\/div>\n\t\t\t\t\t<\/div>\n\t\t<\/section>\n\t\t\t\t\t<\/div>\n\t\t<\/div>\n\t\t\t\t\t<\/div>\n\t\t<\/section>\n\t\t\t\t<section class=\"elementor-section elementor-top-section elementor-element elementor-element-aad8174 elementor-section-boxed elementor-section-height-default elementor-section-height-default\" data-id=\"aad8174\" data-element_type=\"section\" data-e-type=\"section\" data-settings=\"{&quot;background_background&quot;:&quot;classic&quot;}\">\n\t\t\t\t\t\t<div class=\"elementor-container elementor-column-gap-default\">\n\t\t\t\t\t<div class=\"elementor-column elementor-col-100 elementor-top-column elementor-element elementor-element-e663b48\" data-id=\"e663b48\" data-element_type=\"column\" data-e-type=\"column\">\n\t\t\t<div class=\"elementor-widget-wrap elementor-element-populated\">\n\t\t\t\t\t\t<div class=\"elementor-element elementor-element-9361aae elementor-widget elementor-widget-heading\" data-id=\"9361aae\" data-element_type=\"widget\" data-e-type=\"widget\" data-widget_type=\"heading.default\">\n\t\t\t\t<div class=\"elementor-widget-container\">\n\t\t\t\t\t<h2 class=\"elementor-heading-title elementor-size-default\">PASSION. PERFORMANCE. SOLUTIONS.<\/h2>\t\t\t\t<\/div>\n\t\t\t\t<\/div>\n\t\t\t\t\t<\/div>\n\t\t<\/div>\n\t\t\t\t\t<\/div>\n\t\t<\/section>\n\t\t\t\t<section class=\"elementor-section elementor-top-section elementor-element elementor-element-f02fbb9 elementor-section-boxed elementor-section-height-default elementor-section-height-default\" data-id=\"f02fbb9\" data-element_type=\"section\" data-e-type=\"section\" data-settings=\"{&quot;background_background&quot;:&quot;classic&quot;}\">\n\t\t\t\t\t\t<div class=\"elementor-container elementor-column-gap-default\">\n\t\t\t\t\t<div class=\"elementor-column elementor-col-100 elementor-top-column elementor-element elementor-element-95bde73\" data-id=\"95bde73\" data-element_type=\"column\" data-e-type=\"column\" data-settings=\"{&quot;background_background&quot;:&quot;classic&quot;}\">\n\t\t\t<div class=\"elementor-widget-wrap elementor-element-populated\">\n\t\t\t\t\t\t<section class=\"elementor-section elementor-inner-section elementor-element elementor-element-6dfb31e elementor-section-full_width elementor-section-height-default elementor-section-height-default\" data-id=\"6dfb31e\" data-element_type=\"section\" data-e-type=\"section\">\n\t\t\t\t\t\t<div class=\"elementor-container elementor-column-gap-default\">\n\t\t\t\t\t<div class=\"elementor-column elementor-col-33 elementor-inner-column elementor-element elementor-element-390675e\" data-id=\"390675e\" data-element_type=\"column\" data-e-type=\"column\">\n\t\t\t<div class=\"elementor-widget-wrap elementor-element-populated\">\n\t\t\t\t\t\t<div class=\"elementor-element elementor-element-89d8dbb elementor-view-default elementor-position-block-start elementor-mobile-position-block-start elementor-widget elementor-widget-icon-box\" data-id=\"89d8dbb\" data-element_type=\"widget\" data-e-type=\"widget\" data-widget_type=\"icon-box.default\">\n\t\t\t\t<div class=\"elementor-widget-container\">\n\t\t\t\t\t\t\t<div class=\"elementor-icon-box-wrapper\">\n\n\t\t\t\t\t\t<div class=\"elementor-icon-box-icon\">\n\t\t\t\t<a href=\"https:\/\/asd-patent.com\/en\/Leistungen\/\" class=\"elementor-icon\" tabindex=\"-1\" aria-label=\"Patents\">\n\t\t\t\t<svg xmlns=\"http:\/\/www.w3.org\/2000\/svg\" id=\"Ebene_1\" data-name=\"Ebene 1\" viewbox=\"0 0 93.68 93.68\"><defs><style>.cls-1{fill:#f6aa3a;}<\/style><\/defs><polygon class=\"cls-1\" points=\"42.28 69.71 30.31 69.71 30.31 23.98 63.37 23.98 63.37 46.84 66.37 46.84 66.37 20.98 27.31 20.98 27.31 72.71 42.28 72.71 42.28 69.71\"><\/polygon><rect class=\"cls-1\" x=\"51.49\" y=\"58.32\" width=\"13.47\" height=\"13.68\"><\/rect><rect class=\"cls-1\" x=\"42.98\" y=\"51.45\" width=\"5.42\" height=\"5.5\"><\/rect><rect class=\"cls-1\" x=\"34.79\" y=\"31.84\" width=\"24.38\" height=\"3\"><\/rect><rect class=\"cls-1\" x=\"34.79\" y=\"37.65\" width=\"17.12\" height=\"3\"><\/rect><\/svg>\t\t\t\t<\/a>\n\t\t\t<\/div>\n\t\t\t\n\t\t\t\t\t\t<div class=\"elementor-icon-box-content\">\n\n\t\t\t\t\t\t\t\t\t<h4 class=\"elementor-icon-box-title\">\n\t\t\t\t\t\t<a href=\"https:\/\/asd-patent.com\/en\/Leistungen\/\" >\n\t\t\t\t\t\t\tPatents\t\t\t\t\t\t<\/a>\n\t\t\t\t\t<\/h4>\n\t\t\t\t\n\t\t\t\t\n\t\t\t<\/div>\n\t\t\t\n\t\t<\/div>\n\t\t\t\t\t\t<\/div>\n\t\t\t\t<\/div>\n\t\t\t\t\t<\/div>\n\t\t<\/div>\n\t\t\t\t<div class=\"elementor-column elementor-col-33 elementor-inner-column elementor-element elementor-element-3699c40\" data-id=\"3699c40\" data-element_type=\"column\" data-e-type=\"column\">\n\t\t\t<div class=\"elementor-widget-wrap elementor-element-populated\">\n\t\t\t\t\t\t<div class=\"elementor-element elementor-element-ed4caa7 elementor-view-default elementor-position-block-start elementor-mobile-position-block-start elementor-widget elementor-widget-icon-box\" data-id=\"ed4caa7\" data-element_type=\"widget\" data-e-type=\"widget\" data-widget_type=\"icon-box.default\">\n\t\t\t\t<div class=\"elementor-widget-container\">\n\t\t\t\t\t\t\t<div class=\"elementor-icon-box-wrapper\">\n\n\t\t\t\t\t\t<div class=\"elementor-icon-box-icon\">\n\t\t\t\t<a href=\"https:\/\/asd-patent.com\/en\/Leistungen\/\" class=\"elementor-icon\" tabindex=\"-1\" aria-label=\"Trademarks\">\n\t\t\t\t<svg xmlns=\"http:\/\/www.w3.org\/2000\/svg\" id=\"Ebene_1\" data-name=\"Ebene 1\" viewbox=\"0 0 93.68 93.68\"><defs><style>.cls-1{fill:#f6aa3a;}<\/style><\/defs><path class=\"cls-1\" d=\"M58.92,57.88H51.83l-6.12-8.26H43v8.26H37.25V35.37H47a22.61,22.61,0,0,1,3.43.22,7.41,7.41,0,0,1,2.69,1,5.75,5.75,0,0,1,2,2,5.58,5.58,0,0,1,.75,3,6.72,6.72,0,0,1-1.16,4.07,8.64,8.64,0,0,1-3.3,2.61ZM49.87,42.26a2.88,2.88,0,0,0-.35-1.45,2.33,2.33,0,0,0-1.19-1,4.67,4.67,0,0,0-1.38-.3c-.52,0-1.13-.05-1.83-.05H43v6.06H44.8a16.8,16.8,0,0,0,2.33-.13,3.31,3.31,0,0,0,1.57-.62,3.06,3.06,0,0,0,.89-1A3.55,3.55,0,0,0,49.87,42.26Z\"><\/path><polygon class=\"cls-1\" points=\"63.51 21.78 25.75 21.78 22.75 21.78 22.75 24.78 22.75 62.54 25.75 62.54 25.75 24.78 63.51 24.78 63.51 21.78\"><\/polygon><polygon class=\"cls-1\" points=\"67.94 31.14 67.94 68.91 30.18 68.91 30.18 71.91 67.94 71.91 70.94 71.91 70.94 68.91 70.94 31.14 67.94 31.14\"><\/polygon><\/svg>\t\t\t\t<\/a>\n\t\t\t<\/div>\n\t\t\t\n\t\t\t\t\t\t<div class=\"elementor-icon-box-content\">\n\n\t\t\t\t\t\t\t\t\t<h4 class=\"elementor-icon-box-title\">\n\t\t\t\t\t\t<a href=\"https:\/\/asd-patent.com\/en\/Leistungen\/\" >\n\t\t\t\t\t\t\tTrademarks\t\t\t\t\t\t<\/a>\n\t\t\t\t\t<\/h4>\n\t\t\t\t\n\t\t\t\t\n\t\t\t<\/div>\n\t\t\t\n\t\t<\/div>\n\t\t\t\t\t\t<\/div>\n\t\t\t\t<\/div>\n\t\t\t\t\t<\/div>\n\t\t<\/div>\n\t\t\t\t<div class=\"elementor-column elementor-col-33 elementor-inner-column elementor-element elementor-element-ba4b368\" data-id=\"ba4b368\" data-element_type=\"column\" data-e-type=\"column\">\n\t\t\t<div class=\"elementor-widget-wrap elementor-element-populated\">\n\t\t\t\t\t\t<div class=\"elementor-element elementor-element-dab0b8a elementor-view-default elementor-position-block-start elementor-mobile-position-block-start elementor-widget elementor-widget-icon-box\" data-id=\"dab0b8a\" data-element_type=\"widget\" data-e-type=\"widget\" data-widget_type=\"icon-box.default\">\n\t\t\t\t<div class=\"elementor-widget-container\">\n\t\t\t\t\t\t\t<div class=\"elementor-icon-box-wrapper\">\n\n\t\t\t\t\t\t<div class=\"elementor-icon-box-icon\">\n\t\t\t\t<a href=\"https:\/\/asd-patent.com\/en\/Leistungen\/\" class=\"elementor-icon\" tabindex=\"-1\" aria-label=\"Designs\">\n\t\t\t\t<svg xmlns=\"http:\/\/www.w3.org\/2000\/svg\" id=\"Ebene_1\" data-name=\"Ebene 1\" viewbox=\"0 0 93.68 93.68\"><defs><style>.cls-1{fill:#f6aa3a;}<\/style><\/defs><polygon class=\"cls-1\" points=\"67.94 49.06 67.94 68.91 25.75 68.91 25.75 24.78 46.84 24.78 46.84 21.78 25.75 21.78 22.75 21.78 22.75 24.78 22.75 68.91 22.75 69.97 22.75 71.91 67.94 71.91 70.94 71.91 70.94 68.91 70.94 49.06 67.94 49.06\"><\/polygon><path class=\"cls-1\" d=\"M54.87,35.06l3.78,3.78L35,62.54l-3.78-3.79Zm10.4-6.76-10.4,6.76,3.78,3.78Z\"><\/path><\/svg>\t\t\t\t<\/a>\n\t\t\t<\/div>\n\t\t\t\n\t\t\t\t\t\t<div class=\"elementor-icon-box-content\">\n\n\t\t\t\t\t\t\t\t\t<h4 class=\"elementor-icon-box-title\">\n\t\t\t\t\t\t<a href=\"https:\/\/asd-patent.com\/en\/Leistungen\/\" >\n\t\t\t\t\t\t\tDesigns\t\t\t\t\t\t<\/a>\n\t\t\t\t\t<\/h4>\n\t\t\t\t\n\t\t\t\t\n\t\t\t<\/div>\n\t\t\t\n\t\t<\/div>\n\t\t\t\t\t\t<\/div>\n\t\t\t\t<\/div>\n\t\t\t\t\t<\/div>\n\t\t<\/div>\n\t\t\t\t\t<\/div>\n\t\t<\/section>\n\t\t\t\t\t<\/div>\n\t\t<\/div>\n\t\t\t\t\t<\/div>\n\t\t<\/section>\n\t\t\t\t<section class=\"elementor-section elementor-top-section elementor-element elementor-element-7d90488 elementor-section-boxed elementor-section-height-default elementor-section-height-default\" data-id=\"7d90488\" data-element_type=\"section\" data-e-type=\"section\">\n\t\t\t\t\t\t<div class=\"elementor-container elementor-column-gap-default\">\n\t\t\t\t\t<div class=\"elementor-column elementor-col-50 elementor-top-column elementor-element elementor-element-fa63d92\" data-id=\"fa63d92\" data-element_type=\"column\" data-e-type=\"column\">\n\t\t\t<div class=\"elementor-widget-wrap elementor-element-populated\">\n\t\t\t\t\t\t<div class=\"elementor-element elementor-element-135c9a7 elementor-view-default elementor-position-block-start elementor-mobile-position-block-start elementor-widget elementor-widget-icon-box\" data-id=\"135c9a7\" data-element_type=\"widget\" data-e-type=\"widget\" data-widget_type=\"icon-box.default\">\n\t\t\t\t<div class=\"elementor-widget-container\">\n\t\t\t\t\t\t\t<div class=\"elementor-icon-box-wrapper\">\n\n\t\t\t\t\t\t<div class=\"elementor-icon-box-icon\">\n\t\t\t\t<a href=\"https:\/\/asd-patent.com\/en\/Leistungen\/\" class=\"elementor-icon\" tabindex=\"-1\" aria-label=\"Agreements\">\n\t\t\t\t<svg xmlns=\"http:\/\/www.w3.org\/2000\/svg\" id=\"Ebene_1\" data-name=\"Ebene 1\" viewbox=\"0 0 93.68 93.68\"><defs><style>.cls-1{fill:#f6aa3a;}<\/style><\/defs><path class=\"cls-1\" d=\"M49.07,61.51l-3.78-3.78L69,34l3.79,3.78Zm-10.4,6.76,10.4-6.76-3.78-3.78Z\"><\/path><rect class=\"cls-1\" x=\"28.4\" y=\"30.9\" width=\"22.85\" height=\"3\"><\/rect><rect class=\"cls-1\" x=\"28.4\" y=\"37.27\" width=\"22.85\" height=\"3\"><\/rect><polygon class=\"cls-1\" points=\"35.88 69.71 23.92 69.71 23.92 23.98 56.98 23.98 56.98 46.84 59.98 46.84 59.98 20.98 20.92 20.98 20.92 72.71 35.88 72.71 35.88 69.71\"><\/polygon><rect class=\"cls-1\" x=\"28.4\" y=\"51.15\" width=\"7.48\" height=\"3\"><\/rect><rect class=\"cls-1\" x=\"28.4\" y=\"44.21\" width=\"22.85\" height=\"3\"><\/rect><\/svg>\t\t\t\t<\/a>\n\t\t\t<\/div>\n\t\t\t\n\t\t\t\t\t\t<div class=\"elementor-icon-box-content\">\n\n\t\t\t\t\t\t\t\t\t<h4 class=\"elementor-icon-box-title\">\n\t\t\t\t\t\t<a href=\"https:\/\/asd-patent.com\/en\/Leistungen\/\" >\n\t\t\t\t\t\t\tAgreements\t\t\t\t\t\t<\/a>\n\t\t\t\t\t<\/h4>\n\t\t\t\t\n\t\t\t\t\n\t\t\t<\/div>\n\t\t\t\n\t\t<\/div>\n\t\t\t\t\t\t<\/div>\n\t\t\t\t<\/div>\n\t\t\t\t\t<\/div>\n\t\t<\/div>\n\t\t\t\t<div class=\"elementor-column elementor-col-50 elementor-top-column elementor-element elementor-element-25b0244\" data-id=\"25b0244\" data-element_type=\"column\" data-e-type=\"column\">\n\t\t\t<div class=\"elementor-widget-wrap elementor-element-populated\">\n\t\t\t\t\t\t<div class=\"elementor-element elementor-element-15a4143 elementor-view-default elementor-position-block-start elementor-mobile-position-block-start elementor-widget elementor-widget-icon-box\" data-id=\"15a4143\" data-element_type=\"widget\" data-e-type=\"widget\" data-widget_type=\"icon-box.default\">\n\t\t\t\t<div class=\"elementor-widget-container\">\n\t\t\t\t\t\t\t<div class=\"elementor-icon-box-wrapper\">\n\n\t\t\t\t\t\t<div class=\"elementor-icon-box-icon\">\n\t\t\t\t<a href=\"https:\/\/asd-patent.com\/en\/Leistungen\/\" class=\"elementor-icon\" tabindex=\"-1\" aria-label=\"Strategy\">\n\t\t\t\t<svg xmlns=\"http:\/\/www.w3.org\/2000\/svg\" id=\"Ebene_1\" data-name=\"Ebene 1\" viewbox=\"0 0 93.68 93.68\"><defs><style>.cls-1{fill:#f6aa3a;}<\/style><\/defs><rect class=\"cls-1\" x=\"38.25\" y=\"71.43\" width=\"17.12\" height=\"3\"><\/rect><rect class=\"cls-1\" x=\"43.3\" y=\"78.37\" width=\"7.46\" height=\"3\"><\/rect><path class=\"cls-1\" d=\"M61.3,67.33H32.38V41.68H61.3Zm-25.92-3H58.3V44.68H35.38Z\"><\/path><rect class=\"cls-1\" x=\"45.34\" y=\"12.31\" width=\"3\" height=\"22.85\"><\/rect><rect class=\"cls-1\" x=\"70.68\" y=\"54.5\" width=\"22.85\" height=\"3\"><\/rect><rect class=\"cls-1\" x=\"0.15\" y=\"54.5\" width=\"22.85\" height=\"3\"><\/rect><rect class=\"cls-1\" x=\"67.16\" y=\"29.72\" width=\"22.85\" height=\"3\" transform=\"translate(-4.32 47.86) rotate(-33.02)\"><\/rect><rect class=\"cls-1\" x=\"17.78\" y=\"19.79\" width=\"3\" height=\"22.85\" transform=\"matrix(0.54, -0.84, 0.84, 0.54, -17.4, 30.39)\"><\/rect><\/svg>\t\t\t\t<\/a>\n\t\t\t<\/div>\n\t\t\t\n\t\t\t\t\t\t<div class=\"elementor-icon-box-content\">\n\n\t\t\t\t\t\t\t\t\t<h4 class=\"elementor-icon-box-title\">\n\t\t\t\t\t\t<a href=\"https:\/\/asd-patent.com\/en\/Leistungen\/\" >\n\t\t\t\t\t\t\tStrategy\t\t\t\t\t\t<\/a>\n\t\t\t\t\t<\/h4>\n\t\t\t\t\n\t\t\t\t\n\t\t\t<\/div>\n\t\t\t\n\t\t<\/div>\n\t\t\t\t\t\t<\/div>\n\t\t\t\t<\/div>\n\t\t\t\t\t<\/div>\n\t\t<\/div>\n\t\t\t\t\t<\/div>\n\t\t<\/section>\n\t\t\t\t<section class=\"elementor-section elementor-top-section elementor-element elementor-element-5dbbcc67 elementor-section-boxed elementor-section-height-default elementor-section-height-default\" data-id=\"5dbbcc67\" data-element_type=\"section\" data-e-type=\"section\" data-settings=\"{&quot;background_background&quot;:&quot;classic&quot;}\">\n\t\t\t\t\t\t<div class=\"elementor-container elementor-column-gap-default\">\n\t\t\t\t\t<div class=\"elementor-column elementor-col-100 elementor-top-column elementor-element elementor-element-17b142ea\" data-id=\"17b142ea\" data-element_type=\"column\" data-e-type=\"column\">\n\t\t\t<div class=\"elementor-widget-wrap elementor-element-populated\">\n\t\t\t\t\t\t<div class=\"elementor-element elementor-element-1b975ca9 elementor-widget elementor-widget-image\" data-id=\"1b975ca9\" data-element_type=\"widget\" data-e-type=\"widget\" data-widget_type=\"image.default\">\n\t\t\t\t<div class=\"elementor-widget-container\">\n\t\t\t\t\t\t\t\t\t\t\t\t\t\t\t<img decoding=\"async\" width=\"300\" height=\"144\" src=\"https:\/\/asd-patent.com\/wp-content\/uploads\/2020\/06\/asdp-300x144.png\" class=\"attachment-medium size-medium wp-image-2252\" alt=\"\" srcset=\"https:\/\/asd-patent.com\/wp-content\/uploads\/2020\/06\/asdp-300x144.png 300w, https:\/\/asd-patent.com\/wp-content\/uploads\/2020\/06\/asdp-1024x491.png 1024w, https:\/\/asd-patent.com\/wp-content\/uploads\/2020\/06\/asdp-768x369.png 768w, https:\/\/asd-patent.com\/wp-content\/uploads\/2020\/06\/asdp.png 1096w\" sizes=\"(max-width: 300px) 100vw, 300px\" \/>\t\t\t\t\t\t\t\t\t\t\t\t\t\t\t<\/div>\n\t\t\t\t<\/div>\n\t\t\t\t\t<\/div>\n\t\t<\/div>\n\t\t\t\t\t<\/div>\n\t\t<\/section>\n\t\t\t\t<\/div>","protected":false},"excerpt":{"rendered":"<p>IHR PARTNER F\u00dcR GEWERBLICHEN RECHTSSCHUTZ Das Vertrauen unserer langj\u00e4hrigen nationalen und internationalen Mandanten in unsere Kompetenz ist unsere Empfehlung. IHR PARTNER F\u00dcR GEWERBLICHEN RECHTSSCHUTZ Das Vertrauen unserer langj\u00e4hrigen nationalen und internationalen Mandanten in unsere Kompetenz ist unsere Empfehlung. LEIDENSCHAFT. LEISTUNG. L\u00d6SUNGEN.\u200b Patente Marken Designs Vertr\u00e4ge Strategie<\/p>","protected":false},"author":1,"featured_media":0,"parent":0,"menu_order":0,"comment_status":"closed","ping_status":"closed","template":"elementor_header_footer","meta":{"footnotes":""},"class_list":["post-3582","page","type-page","status-publish","hentry"],"_links":{"self":[{"href":"https:\/\/asd-patent.com\/en\/wp-json\/wp\/v2\/pages\/3582","targetHints":{"allow":["GET"]}}],"collection":[{"href":"https:\/\/asd-patent.com\/en\/wp-json\/wp\/v2\/pages"}],"about":[{"href":"https:\/\/asd-patent.com\/en\/wp-json\/wp\/v2\/types\/page"}],"author":[{"embeddable":true,"href":"https:\/\/asd-patent.com\/en\/wp-json\/wp\/v2\/users\/1"}],"replies":[{"embeddable":true,"href":"https:\/\/asd-patent.com\/en\/wp-json\/wp\/v2\/comments?post=3582"}],"version-history":[{"count":214,"href":"https:\/\/asd-patent.com\/en\/wp-json\/wp\/v2\/pages\/3582\/revisions"}],"predecessor-version":[{"id":8753,"href":"https:\/\/asd-patent.com\/en\/wp-json\/wp\/v2\/pages\/3582\/revisions\/8753"}],"wp:attachment":[{"href":"https:\/\/asd-patent.com\/en\/wp-json\/wp\/v2\/media?parent=3582"}],"curies":[{"name":"wp","href":"https:\/\/api.w.org\/{rel}","templated":true}]}}