{"id":6160,"date":"2022-03-31T12:57:57","date_gmt":"2022-03-31T12:57:57","guid":{"rendered":"https:\/\/asd-patent.com\/?page_id=6160"},"modified":"2023-03-24T11:17:05","modified_gmt":"2023-03-24T11:17:05","slug":"verena-renz","status":"publish","type":"page","link":"https:\/\/asd-patent.com\/en\/verena-renz","title":{"rendered":"Verena Renz"},"content":{"rendered":"<div data-elementor-type=\"wp-page\" data-elementor-id=\"6160\" class=\"elementor elementor-6160\" data-elementor-post-type=\"page\">\n\t\t\t\t\t\t<section class=\"elementor-section elementor-top-section elementor-element elementor-element-71e899f1 elementor-section-height-min-height elementor-section-boxed elementor-section-height-default elementor-section-items-middle\" data-id=\"71e899f1\" data-element_type=\"section\" data-e-type=\"section\" data-settings=\"{&quot;background_background&quot;:&quot;gradient&quot;}\">\n\t\t\t\t\t\t<div class=\"elementor-container elementor-column-gap-default\">\n\t\t\t\t\t<div class=\"elementor-column elementor-col-100 elementor-top-column elementor-element elementor-element-399f9619\" data-id=\"399f9619\" data-element_type=\"column\" data-e-type=\"column\" data-settings=\"{&quot;background_background&quot;:&quot;classic&quot;}\">\n\t\t\t<div class=\"elementor-widget-wrap elementor-element-populated\">\n\t\t\t\t\t\t<section class=\"elementor-section elementor-inner-section elementor-element elementor-element-de5b9db elementor-section-boxed elementor-section-height-default elementor-section-height-default\" data-id=\"de5b9db\" data-element_type=\"section\" data-e-type=\"section\">\n\t\t\t\t\t\t<div class=\"elementor-container elementor-column-gap-default\">\n\t\t\t\t\t<div class=\"elementor-column elementor-col-100 elementor-inner-column elementor-element elementor-element-223c237\" data-id=\"223c237\" data-element_type=\"column\" data-e-type=\"column\">\n\t\t\t<div class=\"elementor-widget-wrap elementor-element-populated\">\n\t\t\t\t\t\t<div class=\"elementor-element elementor-element-29b0368 elementor-widget elementor-widget-heading\" data-id=\"29b0368\" data-element_type=\"widget\" data-e-type=\"widget\" data-widget_type=\"heading.default\">\n\t\t\t\t<div class=\"elementor-widget-container\">\n\t\t\t\t\t<div class=\"elementor-heading-title elementor-size-default\">Dr.rer.nat. M.Sc.<\/div>\t\t\t\t<\/div>\n\t\t\t\t<\/div>\n\t\t\t\t<div class=\"elementor-element elementor-element-bed18dd elementor-widget elementor-widget-heading\" data-id=\"bed18dd\" data-element_type=\"widget\" data-e-type=\"widget\" data-widget_type=\"heading.default\">\n\t\t\t\t<div class=\"elementor-widget-container\">\n\t\t\t\t\t<h3 class=\"elementor-heading-title elementor-size-default\">Verena Renz<\/h3>\t\t\t\t<\/div>\n\t\t\t\t<\/div>\n\t\t\t\t<div class=\"elementor-element elementor-element-d689c21 elementor-widget elementor-widget-heading\" data-id=\"d689c21\" data-element_type=\"widget\" data-e-type=\"widget\" data-widget_type=\"heading.default\">\n\t\t\t\t<div class=\"elementor-widget-container\">\n\t\t\t\t\t<div class=\"elementor-heading-title elementor-size-default\">Patent Attorney, European Patent Attorney, European Trademark Attorney<\/div>\t\t\t\t<\/div>\n\t\t\t\t<\/div>\n\t\t\t\t<div class=\"elementor-element elementor-element-e79bef8 elementor-view-default elementor-widget elementor-widget-icon\" data-id=\"e79bef8\" data-element_type=\"widget\" data-e-type=\"widget\" data-widget_type=\"icon.default\">\n\t\t\t\t<div class=\"elementor-widget-container\">\n\t\t\t\t\t\t\t<div class=\"elementor-icon-wrapper\">\n\t\t\t<div class=\"elementor-icon\">\n\t\t\t<i aria-hidden=\"true\" class=\"fas fa-square-full\"><\/i>\t\t\t<\/div>\n\t\t<\/div>\n\t\t\t\t\t\t<\/div>\n\t\t\t\t<\/div>\n\t\t\t\t\t<\/div>\n\t\t<\/div>\n\t\t\t\t\t<\/div>\n\t\t<\/section>\n\t\t\t\t<section class=\"elementor-section elementor-inner-section elementor-element elementor-element-508c3580 elementor-section-boxed elementor-section-height-default elementor-section-height-default\" data-id=\"508c3580\" data-element_type=\"section\" data-e-type=\"section\">\n\t\t\t\t\t\t<div class=\"elementor-container elementor-column-gap-default\">\n\t\t\t\t\t<div class=\"elementor-column elementor-col-100 elementor-inner-column elementor-element elementor-element-37b5271b\" data-id=\"37b5271b\" data-element_type=\"column\" data-e-type=\"column\">\n\t\t\t<div class=\"elementor-widget-wrap elementor-element-populated\">\n\t\t\t\t\t\t<div class=\"elementor-element elementor-element-5c0f00b4 elementor-widget elementor-widget-text-editor\" data-id=\"5c0f00b4\" data-element_type=\"widget\" data-e-type=\"widget\" data-widget_type=\"text-editor.default\">\n\t\t\t\t<div class=\"elementor-widget-container\">\n\t\t\t\t\t\t\t\t\t<div>\n<p>Dr. Renz studied technology of functional materials at the University of W\u00fcrzburg. She graduated with a Master of Science focusing on technical functional materials and obtained her doctorate degree at the University of Mainz focusing on Nanobiotechnology.&nbsp;<\/p><p><br><\/p><p>She started working in the field of intellectual property in our firm in 2014.&nbsp;<span style=\"font-size: 16px;\">Her areas of expertise include the prosecution, defence and enforcement of inventions in physics, engineering and materials sciences, in particular in the fields of medical technology, sensor technology and analytics.<\/span><\/p><p><span style=\"font-size: 16px;\"><br><\/span><\/p>\n<p><\/p>\n<\/div>\n<div>\n<p><strong>Languages<br><\/strong>German and English<\/p>\n<\/div>\t\t\t\t\t\t\t\t<\/div>\n\t\t\t\t<\/div>\n\t\t\t\t\t<\/div>\n\t\t<\/div>\n\t\t\t\t\t<\/div>\n\t\t<\/section>\n\t\t\t\t\t<\/div>\n\t\t<\/div>\n\t\t\t\t\t<\/div>\n\t\t<\/section>\n\t\t\t\t<section class=\"elementor-section elementor-top-section elementor-element elementor-element-e4c3df1 elementor-section-boxed elementor-section-height-default elementor-section-height-default\" data-id=\"e4c3df1\" data-element_type=\"section\" data-e-type=\"section\" data-settings=\"{&quot;background_background&quot;:&quot;classic&quot;}\">\n\t\t\t\t\t\t<div class=\"elementor-container elementor-column-gap-default\">\n\t\t\t\t\t<div class=\"elementor-column elementor-col-100 elementor-top-column elementor-element elementor-element-99e031d\" data-id=\"99e031d\" data-element_type=\"column\" data-e-type=\"column\" data-settings=\"{&quot;background_background&quot;:&quot;classic&quot;}\">\n\t\t\t<div class=\"elementor-widget-wrap elementor-element-populated\">\n\t\t\t\t\t\t<section class=\"elementor-section elementor-inner-section elementor-element elementor-element-2e80f25 elementor-section-boxed elementor-section-height-default elementor-section-height-default\" data-id=\"2e80f25\" data-element_type=\"section\" data-e-type=\"section\">\n\t\t\t\t\t\t<div class=\"elementor-container elementor-column-gap-default\">\n\t\t\t\t\t<div class=\"elementor-column elementor-col-50 elementor-inner-column elementor-element elementor-element-45edbc9\" data-id=\"45edbc9\" data-element_type=\"column\" data-e-type=\"column\">\n\t\t\t<div class=\"elementor-widget-wrap elementor-element-populated\">\n\t\t\t\t\t\t<div class=\"elementor-element elementor-element-b96c47a elementor-widget elementor-widget-image\" data-id=\"b96c47a\" data-element_type=\"widget\" data-e-type=\"widget\" data-widget_type=\"image.default\">\n\t\t\t\t<div class=\"elementor-widget-container\">\n\t\t\t\t\t\t\t\t\t\t\t\t\t\t\t<img fetchpriority=\"high\" decoding=\"async\" width=\"500\" height=\"620\" src=\"https:\/\/asd-patent.com\/wp-content\/uploads\/2022\/03\/Bildretusche_ASDIP_KV.jpg\" class=\"attachment-large size-large wp-image-5542\" alt=\"\" srcset=\"https:\/\/asd-patent.com\/wp-content\/uploads\/2022\/03\/Bildretusche_ASDIP_KV.jpg 500w, https:\/\/asd-patent.com\/wp-content\/uploads\/2022\/03\/Bildretusche_ASDIP_KV-242x300.jpg 242w\" sizes=\"(max-width: 500px) 100vw, 500px\" \/>\t\t\t\t\t\t\t\t\t\t\t\t\t\t\t<\/div>\n\t\t\t\t<\/div>\n\t\t\t\t\t<\/div>\n\t\t<\/div>\n\t\t\t\t<div class=\"elementor-column elementor-col-50 elementor-inner-column elementor-element elementor-element-6982f8d\" data-id=\"6982f8d\" data-element_type=\"column\" data-e-type=\"column\">\n\t\t\t<div class=\"elementor-widget-wrap elementor-element-populated\">\n\t\t\t\t\t\t<div class=\"elementor-element elementor-element-d62560d elementor-widget elementor-widget-heading\" data-id=\"d62560d\" data-element_type=\"widget\" data-e-type=\"widget\" data-widget_type=\"heading.default\">\n\t\t\t\t<div class=\"elementor-widget-container\">\n\t\t\t\t\t<h6 class=\"elementor-heading-title elementor-size-default\">Associate | Office Mannheim<\/h6>\t\t\t\t<\/div>\n\t\t\t\t<\/div>\n\t\t\t\t<div class=\"elementor-element elementor-element-b7ceb24 elementor-widget elementor-widget-text-editor\" data-id=\"b7ceb24\" data-element_type=\"widget\" data-e-type=\"widget\" data-widget_type=\"text-editor.default\">\n\t\t\t\t<div class=\"elementor-widget-container\">\n\t\t\t\t\t\t\t\t\t<p><strong>Verena Renz<br \/><\/strong><\/p><p style=\"font-size: 17px; font-style: normal;\">Theodor-Heuss-Anlage 2<\/p><p style=\"font-size: 17px; font-style: normal; text-align: left;\">D-68165 Mannheim<br \/>Tel. +49 (0) 621 391 813 400<br \/>Fax +49 (0) 621 391 813 444<br \/><a href=\"mailto:verena.renz@asd-patent.com\">verena.renz@asd-patent.com<\/a><\/p>\t\t\t\t\t\t\t\t<\/div>\n\t\t\t\t<\/div>\n\t\t\t\t<div class=\"elementor-element elementor-element-f2b3dbb elementor-widget elementor-widget-button\" data-id=\"f2b3dbb\" data-element_type=\"widget\" data-e-type=\"widget\" data-widget_type=\"button.default\">\n\t\t\t\t<div class=\"elementor-widget-container\">\n\t\t\t\t\t\t\t\t\t<div class=\"elementor-button-wrapper\">\n\t\t\t\t\t<a class=\"elementor-button elementor-button-link elementor-size-sm elementor-animation-grow\" href=\"https:\/\/asd-patent.com\/en\/team\/\">\n\t\t\t\t\t\t<span class=\"elementor-button-content-wrapper\">\n\t\t\t\t\t\t\t\t\t<span class=\"elementor-button-text\">BACK TO THE TEAM<\/span>\n\t\t\t\t\t<\/span>\n\t\t\t\t\t<\/a>\n\t\t\t\t<\/div>\n\t\t\t\t\t\t\t\t<\/div>\n\t\t\t\t<\/div>\n\t\t\t\t\t<\/div>\n\t\t<\/div>\n\t\t\t\t\t<\/div>\n\t\t<\/section>\n\t\t\t\t\t<\/div>\n\t\t<\/div>\n\t\t\t\t\t<\/div>\n\t\t<\/section>\n\t\t\t\t<section class=\"elementor-section elementor-top-section elementor-element elementor-element-17c27e86 elementor-section-boxed elementor-section-height-default elementor-section-height-default\" data-id=\"17c27e86\" data-element_type=\"section\" data-e-type=\"section\" data-settings=\"{&quot;background_background&quot;:&quot;classic&quot;}\">\n\t\t\t\t\t\t<div class=\"elementor-container elementor-column-gap-default\">\n\t\t\t\t\t<div class=\"elementor-column elementor-col-100 elementor-top-column elementor-element elementor-element-305a3514\" data-id=\"305a3514\" data-element_type=\"column\" data-e-type=\"column\">\n\t\t\t<div class=\"elementor-widget-wrap elementor-element-populated\">\n\t\t\t\t\t\t<div class=\"elementor-element elementor-element-2e4cf328 elementor-widget elementor-widget-image\" data-id=\"2e4cf328\" data-element_type=\"widget\" data-e-type=\"widget\" data-widget_type=\"image.default\">\n\t\t\t\t<div class=\"elementor-widget-container\">\n\t\t\t\t\t\t\t\t\t\t\t\t\t\t\t<img decoding=\"async\" width=\"300\" height=\"144\" src=\"https:\/\/asd-patent.com\/wp-content\/uploads\/2020\/06\/asdp-300x144.png\" class=\"attachment-medium size-medium wp-image-2252\" alt=\"\" srcset=\"https:\/\/asd-patent.com\/wp-content\/uploads\/2020\/06\/asdp-300x144.png 300w, https:\/\/asd-patent.com\/wp-content\/uploads\/2020\/06\/asdp-1024x491.png 1024w, https:\/\/asd-patent.com\/wp-content\/uploads\/2020\/06\/asdp-768x369.png 768w, https:\/\/asd-patent.com\/wp-content\/uploads\/2020\/06\/asdp.png 1096w\" sizes=\"(max-width: 300px) 100vw, 300px\" \/>\t\t\t\t\t\t\t\t\t\t\t\t\t\t\t<\/div>\n\t\t\t\t<\/div>\n\t\t\t\t\t<\/div>\n\t\t<\/div>\n\t\t\t\t\t<\/div>\n\t\t<\/section>\n\t\t\t\t<section class=\"elementor-section elementor-inner-section elementor-element elementor-element-3fc495b elementor-section-boxed elementor-section-height-default elementor-section-height-default\" data-id=\"3fc495b\" data-element_type=\"section\" data-e-type=\"section\">\n\t\t\t\t\t\t<div class=\"elementor-container elementor-column-gap-default\">\n\t\t\t\t\t<div class=\"elementor-column elementor-col-100 elementor-inner-column elementor-element elementor-element-3e8919b\" data-id=\"3e8919b\" data-element_type=\"column\" data-e-type=\"column\">\n\t\t\t<div class=\"elementor-widget-wrap elementor-element-populated\">\n\t\t\t\t\t\t<div class=\"elementor-element elementor-element-62e3bf2 elementor-widget elementor-widget-text-editor\" data-id=\"62e3bf2\" data-element_type=\"widget\" data-e-type=\"widget\" data-widget_type=\"text-editor.default\">\n\t\t\t\t<div class=\"elementor-widget-container\">\n\t\t\t\t\t\t\t\t\t<div class=\"elementor-element elementor-element-71b95e21 elementor-widget elementor-widget-text-editor\" data-id=\"71b95e21\" data-element_type=\"widget\" data-widget_type=\"text-editor.default\"><div class=\"elementor-widget-container\"><div class=\"elementor-text-editor elementor-clearfix\"><div class=\"kc-elm kc-css-505846 kc_text_block\"><p style=\"font-weight: 400;\">Ein wesentliches Risiko des Patents mit einheitlicher Wirkung besteht darin, dass dieses ein einheitliches Schutzrecht ist und somit auch nur einheitlich in allen Mitgliedsstaaten, in denen es Wirkung entfaltet, f\u00fcr nichtig erkl\u00e4rt werden kann. Durch diesen \u201eZentralangriff\u201c kann ein Verlust des gesamten Patents mit einheitlicher Wirkung drohen. Bei besonders wertvollen Europ\u00e4ischen Patenten sollte ein Antrag auf einheitliche Wirkung also wohl\u00fcberlegt sein.<\/p><p style=\"font-weight: 400;\">Durch den Antrag auf einheitliche Wirkung wird zudem die Zust\u00e4ndigkeit des UPC f\u00fcr das entsprechende Patent begr\u00fcndet. Damit liegt die Zust\u00e4ndigkeit f\u00fcr streitige Verfahren nicht l\u00e4nger bei den nationalen Gerichten mit der etablierten und bekannten Praxis. Ein \u201eForum Shopping\u201c wie bisher bisweilen praktiziert ist dann ebenfalls nicht mehr m\u00f6glich.<\/p><p style=\"font-weight: 400;\">Schlie\u00dflich ist auch zu bedenken, dass Jahresgeb\u00fchren nicht mehr reduziert werden k\u00f6nnen, wenn sich sp\u00e4ter herausstellt, dass Patentschutz nur in wenigen L\u00e4ndern ben\u00f6tigt wird. F\u00fcr ein Patent mit einheitlicher Wirkung ist immer die komplette Jahresgeb\u00fchr f\u00e4llig, auch wenn Schutz z.B. nur noch in Deutschland gebraucht werden sollte.<\/p><p style=\"font-weight: 400;\">Sprechen Sie uns f\u00fcr eine auf Ihre Bed\u00fcrfnisse zugeschnittene, strategische Beratung an!<\/p><\/div><\/div><\/div><\/div>\t\t\t\t\t\t\t\t<\/div>\n\t\t\t\t<\/div>\n\t\t\t\t\t<\/div>\n\t\t<\/div>\n\t\t\t\t\t<\/div>\n\t\t<\/section>\n\t\t\t\t<section class=\"elementor-section elementor-inner-section elementor-element elementor-element-0c31fd0 elementor-section-boxed elementor-section-height-default elementor-section-height-default\" data-id=\"0c31fd0\" data-element_type=\"section\" data-e-type=\"section\">\n\t\t\t\t\t\t<div class=\"elementor-container elementor-column-gap-default\">\n\t\t\t\t\t<div class=\"elementor-column elementor-col-100 elementor-inner-column elementor-element elementor-element-1950cd4\" data-id=\"1950cd4\" data-element_type=\"column\" data-e-type=\"column\">\n\t\t\t<div class=\"elementor-widget-wrap elementor-element-populated\">\n\t\t\t\t\t\t<div class=\"elementor-element elementor-element-121bfcc elementor-widget elementor-widget-text-editor\" data-id=\"121bfcc\" data-element_type=\"widget\" data-e-type=\"widget\" data-widget_type=\"text-editor.default\">\n\t\t\t\t<div class=\"elementor-widget-container\">\n\t\t\t\t\t\t\t\t\t<div class=\"elementor-element elementor-element-71b95e21 elementor-widget elementor-widget-text-editor\" data-id=\"71b95e21\" data-element_type=\"widget\" data-widget_type=\"text-editor.default\"><div class=\"elementor-widget-container\"><div class=\"elementor-text-editor elementor-clearfix\"><div class=\"kc-elm kc-css-505846 kc_text_block\"><p style=\"font-weight: 400;\">Ein wesentliches Risiko des Patents mit einheitlicher Wirkung besteht darin, dass dieses ein einheitliches Schutzrecht ist und somit auch nur einheitlich in allen Mitgliedsstaaten, in denen es Wirkung entfaltet, f\u00fcr nichtig erkl\u00e4rt werden kann. Durch diesen \u201eZentralangriff\u201c kann ein Verlust des gesamten Patents mit einheitlicher Wirkung drohen. Bei besonders wertvollen Europ\u00e4ischen Patenten sollte ein Antrag auf einheitliche Wirkung also wohl\u00fcberlegt sein.<\/p><p style=\"font-weight: 400;\">Durch den Antrag auf einheitliche Wirkung wird zudem die Zust\u00e4ndigkeit des UPC f\u00fcr das entsprechende Patent begr\u00fcndet. Damit liegt die Zust\u00e4ndigkeit f\u00fcr streitige Verfahren nicht l\u00e4nger bei den nationalen Gerichten mit der etablierten und bekannten Praxis. Ein \u201eForum Shopping\u201c wie bisher bisweilen praktiziert ist dann ebenfalls nicht mehr m\u00f6glich.<\/p><p style=\"font-weight: 400;\">Schlie\u00dflich ist auch zu bedenken, dass Jahresgeb\u00fchren nicht mehr reduziert werden k\u00f6nnen, wenn sich sp\u00e4ter herausstellt, dass Patentschutz nur in wenigen L\u00e4ndern ben\u00f6tigt wird. F\u00fcr ein Patent mit einheitlicher Wirkung ist immer die komplette Jahresgeb\u00fchr f\u00e4llig, auch wenn Schutz z.B. nur noch in Deutschland gebraucht werden sollte.<\/p><p style=\"font-weight: 400;\">Sprechen Sie uns f\u00fcr eine auf Ihre Bed\u00fcrfnisse zugeschnittene, strategische Beratung an!<\/p><\/div><\/div><\/div><\/div>\t\t\t\t\t\t\t\t<\/div>\n\t\t\t\t<\/div>\n\t\t\t\t\t<\/div>\n\t\t<\/div>\n\t\t\t\t\t<\/div>\n\t\t<\/section>\n\t\t\t\t<\/div>","protected":false},"excerpt":{"rendered":"<p>Dr.rer.nat. M.Sc. Verena Renz Patentanw\u00e4ltin, European Patent Attorney, European Trademark Attorney\u200b Dr. Renz studierte Technologie der Funktionswerkstoffe an der Universit\u00e4t W\u00fcrzburg. Sie schloss ihr Studium mit einem Master of Science mit Schwerpunkt technische Funktionswerkstoffe ab. Anschlie\u00dfend promovierte sie an der Universit\u00e4t Mainz auf dem Gebiet der Nanobiotechnologie.&nbsp; 2014 begann ihre Karriere im gewerblichen Rechtsschutz in [&hellip;]<\/p>","protected":false},"author":1,"featured_media":0,"parent":0,"menu_order":0,"comment_status":"closed","ping_status":"closed","template":"","meta":{"footnotes":""},"class_list":["post-6160","page","type-page","status-publish","hentry"],"_links":{"self":[{"href":"https:\/\/asd-patent.com\/en\/wp-json\/wp\/v2\/pages\/6160","targetHints":{"allow":["GET"]}}],"collection":[{"href":"https:\/\/asd-patent.com\/en\/wp-json\/wp\/v2\/pages"}],"about":[{"href":"https:\/\/asd-patent.com\/en\/wp-json\/wp\/v2\/types\/page"}],"author":[{"embeddable":true,"href":"https:\/\/asd-patent.com\/en\/wp-json\/wp\/v2\/users\/1"}],"replies":[{"embeddable":true,"href":"https:\/\/asd-patent.com\/en\/wp-json\/wp\/v2\/comments?post=6160"}],"version-history":[{"count":46,"href":"https:\/\/asd-patent.com\/en\/wp-json\/wp\/v2\/pages\/6160\/revisions"}],"predecessor-version":[{"id":8290,"href":"https:\/\/asd-patent.com\/en\/wp-json\/wp\/v2\/pages\/6160\/revisions\/8290"}],"wp:attachment":[{"href":"https:\/\/asd-patent.com\/en\/wp-json\/wp\/v2\/media?parent=6160"}],"curies":[{"name":"wp","href":"https:\/\/api.w.org\/{rel}","templated":true}]}}