{"id":6168,"date":"2022-03-31T13:00:15","date_gmt":"2022-03-31T13:00:15","guid":{"rendered":"https:\/\/asd-patent.com\/?page_id=6168"},"modified":"2023-03-24T11:20:28","modified_gmt":"2023-03-24T11:20:28","slug":"philipp-herwig","status":"publish","type":"page","link":"https:\/\/asd-patent.com\/en\/philipp-herwig","title":{"rendered":"Philipp Herwig"},"content":{"rendered":"<div data-elementor-type=\"wp-page\" data-elementor-id=\"6168\" class=\"elementor elementor-6168\" data-elementor-post-type=\"page\">\n\t\t\t\t\t\t<section class=\"elementor-section elementor-top-section elementor-element elementor-element-29a1775 elementor-section-height-min-height elementor-section-boxed elementor-section-height-default elementor-section-items-middle\" data-id=\"29a1775\" data-element_type=\"section\" data-e-type=\"section\" data-settings=\"{&quot;background_background&quot;:&quot;gradient&quot;}\">\n\t\t\t\t\t\t<div class=\"elementor-container elementor-column-gap-default\">\n\t\t\t\t\t<div class=\"elementor-column elementor-col-100 elementor-top-column elementor-element elementor-element-481892a\" data-id=\"481892a\" data-element_type=\"column\" data-e-type=\"column\" data-settings=\"{&quot;background_background&quot;:&quot;classic&quot;}\">\n\t\t\t<div class=\"elementor-widget-wrap elementor-element-populated\">\n\t\t\t\t\t\t<section class=\"elementor-section elementor-inner-section elementor-element elementor-element-a28a95b elementor-section-boxed elementor-section-height-default elementor-section-height-default\" data-id=\"a28a95b\" data-element_type=\"section\" data-e-type=\"section\">\n\t\t\t\t\t\t<div class=\"elementor-container elementor-column-gap-default\">\n\t\t\t\t\t<div class=\"elementor-column elementor-col-100 elementor-inner-column elementor-element elementor-element-2df62c1\" data-id=\"2df62c1\" data-element_type=\"column\" data-e-type=\"column\">\n\t\t\t<div class=\"elementor-widget-wrap elementor-element-populated\">\n\t\t\t\t\t\t<div class=\"elementor-element elementor-element-b5e3bea elementor-widget elementor-widget-heading\" data-id=\"b5e3bea\" data-element_type=\"widget\" data-e-type=\"widget\" data-widget_type=\"heading.default\">\n\t\t\t\t<div class=\"elementor-widget-container\">\n\t\t\t\t\t<div class=\"elementor-heading-title elementor-size-default\">Dr.rer.nat. Dipl.-Phys.<\/div>\t\t\t\t<\/div>\n\t\t\t\t<\/div>\n\t\t\t\t<div class=\"elementor-element elementor-element-c456d4d elementor-widget elementor-widget-heading\" data-id=\"c456d4d\" data-element_type=\"widget\" data-e-type=\"widget\" data-widget_type=\"heading.default\">\n\t\t\t\t<div class=\"elementor-widget-container\">\n\t\t\t\t\t<h3 class=\"elementor-heading-title elementor-size-default\">Philipp Herwig<\/h3>\t\t\t\t<\/div>\n\t\t\t\t<\/div>\n\t\t\t\t<div class=\"elementor-element elementor-element-cc074a2 elementor-widget elementor-widget-heading\" data-id=\"cc074a2\" data-element_type=\"widget\" data-e-type=\"widget\" data-widget_type=\"heading.default\">\n\t\t\t\t<div class=\"elementor-widget-container\">\n\t\t\t\t\t<div class=\"elementor-heading-title elementor-size-default\">Patent Attorney, European Patent Attorney, European Trademark Attorney<\/div>\t\t\t\t<\/div>\n\t\t\t\t<\/div>\n\t\t\t\t<div class=\"elementor-element elementor-element-122c279 elementor-view-default elementor-widget elementor-widget-icon\" data-id=\"122c279\" data-element_type=\"widget\" data-e-type=\"widget\" data-widget_type=\"icon.default\">\n\t\t\t\t<div class=\"elementor-widget-container\">\n\t\t\t\t\t\t\t<div class=\"elementor-icon-wrapper\">\n\t\t\t<div class=\"elementor-icon\">\n\t\t\t<i aria-hidden=\"true\" class=\"fas fa-square-full\"><\/i>\t\t\t<\/div>\n\t\t<\/div>\n\t\t\t\t\t\t<\/div>\n\t\t\t\t<\/div>\n\t\t\t\t\t<\/div>\n\t\t<\/div>\n\t\t\t\t\t<\/div>\n\t\t<\/section>\n\t\t\t\t<section class=\"elementor-section elementor-inner-section elementor-element elementor-element-42b0fe1 elementor-section-boxed elementor-section-height-default elementor-section-height-default\" data-id=\"42b0fe1\" data-element_type=\"section\" data-e-type=\"section\">\n\t\t\t\t\t\t<div class=\"elementor-container elementor-column-gap-default\">\n\t\t\t\t\t<div class=\"elementor-column elementor-col-100 elementor-inner-column elementor-element elementor-element-64e6416\" data-id=\"64e6416\" data-element_type=\"column\" data-e-type=\"column\">\n\t\t\t<div class=\"elementor-widget-wrap elementor-element-populated\">\n\t\t\t\t\t\t<div class=\"elementor-element elementor-element-32baee9 elementor-widget elementor-widget-text-editor\" data-id=\"32baee9\" data-element_type=\"widget\" data-e-type=\"widget\" data-widget_type=\"text-editor.default\">\n\t\t\t\t<div class=\"elementor-widget-container\">\n\t\t\t\t\t\t\t\t\t<p>Dr Herwig studied physics with a focus on optics and computer science at the Karlsruhe Institute of Technology. In his diploma thesis he worked on the calibration of a laser Raman spectrometer.\u00a0<\/p><p>\u00a0<\/p><p>He then completed his doctorate at the Max Planck Institute for Nuclear Physics in Heidelberg in the field of experimental molecular physics and developed an innovative method for determining the chirality of molecules.\u00a0<\/p><p>\u00a0<\/p><p>Following this, he started his career in intellectual property law in a Mannheim law firm in 2016. He joined our team in Mannheim in October 2021.\u00a0<\/p><p>His main areas of practice include drafting and prosecuting patent applications and conducting opposition proceedings in the fields of physics, optics and mechanical engineering. One of his main areas of expertise is computer-implemented inventions.<\/p><p>\u00a0<\/p><p><strong>Languages<\/strong><br \/>German and English<\/p><p>\u00a0<\/p><p>\u00a0<\/p><p>\u00a0<\/p><p>\u00a0<\/p><p>\u00a0<\/p>\t\t\t\t\t\t\t\t<\/div>\n\t\t\t\t<\/div>\n\t\t\t\t\t<\/div>\n\t\t<\/div>\n\t\t\t\t\t<\/div>\n\t\t<\/section>\n\t\t\t\t\t<\/div>\n\t\t<\/div>\n\t\t\t\t\t<\/div>\n\t\t<\/section>\n\t\t\t\t<section class=\"elementor-section elementor-top-section elementor-element elementor-element-cfa95a5 elementor-section-boxed elementor-section-height-default elementor-section-height-default\" data-id=\"cfa95a5\" data-element_type=\"section\" data-e-type=\"section\" data-settings=\"{&quot;background_background&quot;:&quot;classic&quot;}\">\n\t\t\t\t\t\t<div class=\"elementor-container elementor-column-gap-default\">\n\t\t\t\t\t<div class=\"elementor-column elementor-col-100 elementor-top-column elementor-element elementor-element-73a8d1f\" data-id=\"73a8d1f\" data-element_type=\"column\" data-e-type=\"column\" data-settings=\"{&quot;background_background&quot;:&quot;classic&quot;}\">\n\t\t\t<div class=\"elementor-widget-wrap elementor-element-populated\">\n\t\t\t\t\t\t<section class=\"elementor-section elementor-inner-section elementor-element elementor-element-889405b elementor-section-boxed elementor-section-height-default elementor-section-height-default\" data-id=\"889405b\" data-element_type=\"section\" data-e-type=\"section\">\n\t\t\t\t\t\t<div class=\"elementor-container elementor-column-gap-default\">\n\t\t\t\t\t<div class=\"elementor-column elementor-col-50 elementor-inner-column elementor-element elementor-element-120f755\" data-id=\"120f755\" data-element_type=\"column\" data-e-type=\"column\">\n\t\t\t<div class=\"elementor-widget-wrap elementor-element-populated\">\n\t\t\t\t\t\t<div class=\"elementor-element elementor-element-e7ee44b elementor-widget elementor-widget-image\" data-id=\"e7ee44b\" data-element_type=\"widget\" data-e-type=\"widget\" data-widget_type=\"image.default\">\n\t\t\t\t<div class=\"elementor-widget-container\">\n\t\t\t\t\t\t\t\t\t\t\t\t\t\t\t<img fetchpriority=\"high\" decoding=\"async\" width=\"500\" height=\"620\" src=\"https:\/\/asd-patent.com\/wp-content\/uploads\/2022\/03\/Bildretusche_ASDIP_PH.jpg\" class=\"attachment-large size-large wp-image-5545\" alt=\"\" srcset=\"https:\/\/asd-patent.com\/wp-content\/uploads\/2022\/03\/Bildretusche_ASDIP_PH.jpg 500w, https:\/\/asd-patent.com\/wp-content\/uploads\/2022\/03\/Bildretusche_ASDIP_PH-242x300.jpg 242w\" sizes=\"(max-width: 500px) 100vw, 500px\" \/>\t\t\t\t\t\t\t\t\t\t\t\t\t\t\t<\/div>\n\t\t\t\t<\/div>\n\t\t\t\t\t<\/div>\n\t\t<\/div>\n\t\t\t\t<div class=\"elementor-column elementor-col-50 elementor-inner-column elementor-element elementor-element-fa7a480\" data-id=\"fa7a480\" data-element_type=\"column\" data-e-type=\"column\">\n\t\t\t<div class=\"elementor-widget-wrap elementor-element-populated\">\n\t\t\t\t\t\t<div class=\"elementor-element elementor-element-70d6f17 elementor-widget elementor-widget-heading\" data-id=\"70d6f17\" data-element_type=\"widget\" data-e-type=\"widget\" data-widget_type=\"heading.default\">\n\t\t\t\t<div class=\"elementor-widget-container\">\n\t\t\t\t\t<h6 class=\"elementor-heading-title elementor-size-default\">ASSOCIATE | Office Mannheim<\/h6>\t\t\t\t<\/div>\n\t\t\t\t<\/div>\n\t\t\t\t<div class=\"elementor-element elementor-element-90b5486 elementor-widget elementor-widget-text-editor\" data-id=\"90b5486\" data-element_type=\"widget\" data-e-type=\"widget\" data-widget_type=\"text-editor.default\">\n\t\t\t\t<div class=\"elementor-widget-container\">\n\t\t\t\t\t\t\t\t\t<p><strong>Philipp Herwig<\/strong><\/p><p style=\"font-size: 17px; font-style: normal;\">Theodor-Heuss-Anlage 2<\/p><p style=\"font-size: 17px; font-style: normal; text-align: left;\">D-68165 Mannheim<br \/>Tel. +49 (0) 621 391 813 400<br \/>Fax +49 (0) 621 391 813 444<br \/><a href=\"mailto:philipp.herwig@asd-patent.com\">philipp.herwig@asd-patent.com<\/a><\/p>\t\t\t\t\t\t\t\t<\/div>\n\t\t\t\t<\/div>\n\t\t\t\t<div class=\"elementor-element elementor-element-627f2f3 elementor-widget elementor-widget-button\" data-id=\"627f2f3\" data-element_type=\"widget\" data-e-type=\"widget\" data-widget_type=\"button.default\">\n\t\t\t\t<div class=\"elementor-widget-container\">\n\t\t\t\t\t\t\t\t\t<div class=\"elementor-button-wrapper\">\n\t\t\t\t\t<a class=\"elementor-button elementor-button-link elementor-size-sm elementor-animation-grow\" href=\"https:\/\/asd-patent.com\/en\/team\/\">\n\t\t\t\t\t\t<span class=\"elementor-button-content-wrapper\">\n\t\t\t\t\t\t\t\t\t<span class=\"elementor-button-text\">BACK TO THE TEAM<\/span>\n\t\t\t\t\t<\/span>\n\t\t\t\t\t<\/a>\n\t\t\t\t<\/div>\n\t\t\t\t\t\t\t\t<\/div>\n\t\t\t\t<\/div>\n\t\t\t\t\t<\/div>\n\t\t<\/div>\n\t\t\t\t\t<\/div>\n\t\t<\/section>\n\t\t\t\t\t<\/div>\n\t\t<\/div>\n\t\t\t\t\t<\/div>\n\t\t<\/section>\n\t\t\t\t<section class=\"elementor-section elementor-top-section elementor-element elementor-element-17c27e86 elementor-section-boxed elementor-section-height-default elementor-section-height-default\" data-id=\"17c27e86\" data-element_type=\"section\" data-e-type=\"section\" data-settings=\"{&quot;background_background&quot;:&quot;classic&quot;}\">\n\t\t\t\t\t\t<div class=\"elementor-container elementor-column-gap-default\">\n\t\t\t\t\t<div class=\"elementor-column elementor-col-100 elementor-top-column elementor-element elementor-element-305a3514\" data-id=\"305a3514\" data-element_type=\"column\" data-e-type=\"column\">\n\t\t\t<div class=\"elementor-widget-wrap elementor-element-populated\">\n\t\t\t\t\t\t<div class=\"elementor-element elementor-element-2e4cf328 elementor-widget elementor-widget-image\" data-id=\"2e4cf328\" data-element_type=\"widget\" data-e-type=\"widget\" data-widget_type=\"image.default\">\n\t\t\t\t<div class=\"elementor-widget-container\">\n\t\t\t\t\t\t\t\t\t\t\t\t\t\t\t<img decoding=\"async\" width=\"300\" height=\"144\" src=\"https:\/\/asd-patent.com\/wp-content\/uploads\/2020\/06\/asdp-300x144.png\" class=\"attachment-medium size-medium wp-image-2252\" alt=\"\" srcset=\"https:\/\/asd-patent.com\/wp-content\/uploads\/2020\/06\/asdp-300x144.png 300w, https:\/\/asd-patent.com\/wp-content\/uploads\/2020\/06\/asdp-1024x491.png 1024w, https:\/\/asd-patent.com\/wp-content\/uploads\/2020\/06\/asdp-768x369.png 768w, https:\/\/asd-patent.com\/wp-content\/uploads\/2020\/06\/asdp.png 1096w\" sizes=\"(max-width: 300px) 100vw, 300px\" \/>\t\t\t\t\t\t\t\t\t\t\t\t\t\t\t<\/div>\n\t\t\t\t<\/div>\n\t\t\t\t\t<\/div>\n\t\t<\/div>\n\t\t\t\t\t<\/div>\n\t\t<\/section>\n\t\t\t\t<\/div>","protected":false},"excerpt":{"rendered":"<p>Dr.rer.nat. Dipl.-Phys. Philipp Herwig Patentanwalt, European Patent Attorney, European Trademark Attorney Dr. Herwig studierte Physik mit den Schwerpunkten Optik und Informatik am Karlsruher Institut f\u00fcr Technologie. In seiner Diplomarbeit besch\u00e4ftigte er sich mit der Kalibrierung eines Laser-Raman-Spektrometers.\u00a0 \u00a0 Anschlie\u00dfend promovierte er am Max-Planck-Institut f\u00fcr Kernphysik in Heidelberg auf dem Gebiet der experimentellen Molek\u00fclphysik und entwickelte [&hellip;]<\/p>","protected":false},"author":1,"featured_media":0,"parent":0,"menu_order":0,"comment_status":"closed","ping_status":"closed","template":"","meta":{"footnotes":""},"class_list":["post-6168","page","type-page","status-publish","hentry"],"_links":{"self":[{"href":"https:\/\/asd-patent.com\/en\/wp-json\/wp\/v2\/pages\/6168","targetHints":{"allow":["GET"]}}],"collection":[{"href":"https:\/\/asd-patent.com\/en\/wp-json\/wp\/v2\/pages"}],"about":[{"href":"https:\/\/asd-patent.com\/en\/wp-json\/wp\/v2\/types\/page"}],"author":[{"embeddable":true,"href":"https:\/\/asd-patent.com\/en\/wp-json\/wp\/v2\/users\/1"}],"replies":[{"embeddable":true,"href":"https:\/\/asd-patent.com\/en\/wp-json\/wp\/v2\/comments?post=6168"}],"version-history":[{"count":61,"href":"https:\/\/asd-patent.com\/en\/wp-json\/wp\/v2\/pages\/6168\/revisions"}],"predecessor-version":[{"id":8315,"href":"https:\/\/asd-patent.com\/en\/wp-json\/wp\/v2\/pages\/6168\/revisions\/8315"}],"wp:attachment":[{"href":"https:\/\/asd-patent.com\/en\/wp-json\/wp\/v2\/media?parent=6168"}],"curies":[{"name":"wp","href":"https:\/\/api.w.org\/{rel}","templated":true}]}}