{"id":8525,"date":"2024-03-07T13:14:16","date_gmt":"2024-03-07T13:14:16","guid":{"rendered":"https:\/\/asd-patent.com\/?page_id=8525"},"modified":"2024-03-07T13:25:40","modified_gmt":"2024-03-07T13:25:40","slug":"hinschg","status":"publish","type":"page","link":"https:\/\/asd-patent.com\/en\/hinschg","title":{"rendered":"HinSchG"},"content":{"rendered":"<div data-elementor-type=\"wp-page\" data-elementor-id=\"8525\" class=\"elementor elementor-8525\" data-elementor-post-type=\"page\">\n\t\t\t\t\t\t<section class=\"elementor-section elementor-top-section elementor-element elementor-element-d9c5e36 elementor-section-boxed elementor-section-height-default elementor-section-height-default\" data-id=\"d9c5e36\" data-element_type=\"section\" data-e-type=\"section\" data-settings=\"{&quot;background_background&quot;:&quot;classic&quot;}\">\n\t\t\t\t\t\t<div class=\"elementor-container elementor-column-gap-default\">\n\t\t\t\t\t<div class=\"elementor-column elementor-col-100 elementor-top-column elementor-element elementor-element-8d179c6\" data-id=\"8d179c6\" data-element_type=\"column\" data-e-type=\"column\" data-settings=\"{&quot;background_background&quot;:&quot;classic&quot;}\">\n\t\t\t<div class=\"elementor-widget-wrap elementor-element-populated\">\n\t\t\t\t\t\t<section class=\"elementor-section elementor-inner-section elementor-element elementor-element-427aac5 elementor-section-boxed elementor-section-height-default elementor-section-height-default\" data-id=\"427aac5\" data-element_type=\"section\" data-e-type=\"section\">\n\t\t\t\t\t\t<div class=\"elementor-container elementor-column-gap-default\">\n\t\t\t\t\t<div class=\"elementor-column elementor-col-100 elementor-inner-column elementor-element elementor-element-7da1415\" data-id=\"7da1415\" data-element_type=\"column\" data-e-type=\"column\">\n\t\t\t<div class=\"elementor-widget-wrap elementor-element-populated\">\n\t\t\t\t\t\t<div class=\"elementor-element elementor-element-10e8209 elementor-widget elementor-widget-heading\" data-id=\"10e8209\" data-element_type=\"widget\" data-e-type=\"widget\" data-widget_type=\"heading.default\">\n\t\t\t\t<div class=\"elementor-widget-container\">\n\t\t\t\t\t<h2 class=\"elementor-heading-title elementor-size-default\">Reporting office according to the German Whistleblower Protection Act (HinSchG*) <\/h2>\t\t\t\t<\/div>\n\t\t\t\t<\/div>\n\t\t\t\t<div class=\"elementor-element elementor-element-1ec0657 elementor-widget-divider--view-line elementor-widget elementor-widget-divider\" data-id=\"1ec0657\" data-element_type=\"widget\" data-e-type=\"widget\" data-widget_type=\"divider.default\">\n\t\t\t\t<div class=\"elementor-widget-container\">\n\t\t\t\t\t\t\t<div class=\"elementor-divider\">\n\t\t\t<span class=\"elementor-divider-separator\">\n\t\t\t\t\t\t<\/span>\n\t\t<\/div>\n\t\t\t\t\t\t<\/div>\n\t\t\t\t<\/div>\n\t\t\t\t<div class=\"elementor-element elementor-element-3e38c20 elementor-widget elementor-widget-text-editor\" data-id=\"3e38c20\" data-element_type=\"widget\" data-e-type=\"widget\" data-widget_type=\"text-editor.default\">\n\t\t\t\t<div class=\"elementor-widget-container\">\n\t\t\t\t\t\t\t\t\t<div class=\"elementor-element elementor-element-71b95e21 elementor-widget elementor-widget-text-editor\" data-id=\"71b95e21\" data-element_type=\"widget\" data-widget_type=\"text-editor.default\"><div class=\"elementor-widget-container\"><div class=\"elementor-text-editor elementor-clearfix\"><p class=\"translation-block\">The HinSchG is the German implementation of the Directive (EU) 2019\/1937 of the European Parliament and of the Council of 23 October 2019 on the protection of persons who report breaches of Union law. We have set up an internal reporting office in accordance with \u00a7 12 HinSchG, which you can contact confidentially if you would like to report legal violations by our company. \nThe reporting office representative is Dr. Thomas H. Lenhard**. \nThe following reporting channels are available for reporting to the reporting office:<\/p><p>\u00a0<\/p><p class=\"translation-block\">1.\tEmail: Please send the email to <a href=\"mailto:meldestelle-asd@it-planung.com\" target=\"_self\">meldestelle-asd@it-planung.com<\/a>; Please note, however, that the postcard principle applies. Before you send sensitive data, you should definitely exchange a password with the registration office representative.<\/p><p>\u00a0<\/p><p>2. Telephone: You can reach the registration office representative on the mobile phone number:<\/p><p>++49 (0) 171 \u2013 62 47 326<\/p><p>(Calls with suppressed phone numbers will not be accepted)<\/p><p>\u00a0<\/p><p>3. Finally, you can also contact the registration office by post:<\/p><p>Dr. Thomas H. Lenhard<\/p><p>Registration office representative (ASD)<\/p><p>Bergstra\u00dfe 20<\/p><p>D- 66976 Rodalben<\/p><p>\u00a0<\/p><\/div><p>Please note that every incoming report must be checked for relevance, plausibility and credibility. Although identity protection is the focus of the HinSchG, the identities of whistleblowers are not protected if they intentionally or grossly negligently report incorrect information about violations (\u00a7 9 (1) HinSchG). In addition, in such cases, the person providing the information is obliged to compensate for the damage (\u00a738 HinSchG). Please also note that data protection regulations (e.g. transport encryption) must be adhered to when making the notification.\n\n* HinSchG: Hinweisgeberschutzgesetz\u00a0<\/p><p>\u00a0<\/p><p>** The personal data of the reporting office representative must not be used for any purpose other than establishing contact for the purpose of reporting or providing advice regarding the HinSchG.<\/p><div class=\"elementor-text-editor elementor-clearfix\">\u00a0<\/div><\/div><\/div>\t\t\t\t\t\t\t\t<\/div>\n\t\t\t\t<\/div>\n\t\t\t\t\t<\/div>\n\t\t<\/div>\n\t\t\t\t\t<\/div>\n\t\t<\/section>\n\t\t\t\t\t<\/div>\n\t\t<\/div>\n\t\t\t\t\t<\/div>\n\t\t<\/section>\n\t\t\t\t<section class=\"elementor-section elementor-top-section elementor-element elementor-element-9b3ea0e elementor-section-boxed elementor-section-height-default elementor-section-height-default\" data-id=\"9b3ea0e\" data-element_type=\"section\" data-e-type=\"section\" data-settings=\"{&quot;background_background&quot;:&quot;classic&quot;}\">\n\t\t\t\t\t\t<div class=\"elementor-container elementor-column-gap-default\">\n\t\t\t\t\t<div class=\"elementor-column elementor-col-100 elementor-top-column elementor-element elementor-element-4ef52a3\" data-id=\"4ef52a3\" data-element_type=\"column\" data-e-type=\"column\">\n\t\t\t<div class=\"elementor-widget-wrap elementor-element-populated\">\n\t\t\t\t\t\t<div class=\"elementor-element elementor-element-4cec6d2 elementor-widget elementor-widget-image\" data-id=\"4cec6d2\" data-element_type=\"widget\" data-e-type=\"widget\" data-widget_type=\"image.default\">\n\t\t\t\t<div class=\"elementor-widget-container\">\n\t\t\t\t\t\t\t\t\t\t\t\t\t\t\t<img decoding=\"async\" width=\"300\" height=\"144\" src=\"https:\/\/asd-patent.com\/wp-content\/uploads\/2020\/06\/asdp-300x144.png\" class=\"attachment-medium size-medium wp-image-2252\" alt=\"\" srcset=\"https:\/\/asd-patent.com\/wp-content\/uploads\/2020\/06\/asdp-300x144.png 300w, https:\/\/asd-patent.com\/wp-content\/uploads\/2020\/06\/asdp-1024x491.png 1024w, https:\/\/asd-patent.com\/wp-content\/uploads\/2020\/06\/asdp-768x369.png 768w, https:\/\/asd-patent.com\/wp-content\/uploads\/2020\/06\/asdp.png 1096w\" sizes=\"(max-width: 300px) 100vw, 300px\" \/>\t\t\t\t\t\t\t\t\t\t\t\t\t\t\t<\/div>\n\t\t\t\t<\/div>\n\t\t\t\t\t<\/div>\n\t\t<\/div>\n\t\t\t\t\t<\/div>\n\t\t<\/section>\n\t\t\t\t<\/div>","protected":false},"excerpt":{"rendered":"<p>Meldestelle nach dem Hinweisgeberschutzgesetz Wir haben eine interne Meldestelle nach \u00a712 HinSchG eingerichtet, an die Sie sich vertraulich wenden k\u00f6nnen, wenn Sie Rechtsverst\u00f6\u00dfe unseres Unternehmens melden m\u00f6chten. Meldestellenbeauftragter ist Dr. Thomas H. Lenhard F\u00fcr Ihre Meldung an die Meldestelle stehen folgende Meldekan\u00e4le zur Verf\u00fcgung: \u00a0 1. E-Mail: Bitte senden Sie die E-Mail an meldestelle-asd@it-planung.com; Beachten [&hellip;]<\/p>","protected":false},"author":1,"featured_media":0,"parent":0,"menu_order":0,"comment_status":"closed","ping_status":"closed","template":"elementor_header_footer","meta":{"footnotes":""},"class_list":["post-8525","page","type-page","status-publish","hentry"],"_links":{"self":[{"href":"https:\/\/asd-patent.com\/en\/wp-json\/wp\/v2\/pages\/8525","targetHints":{"allow":["GET"]}}],"collection":[{"href":"https:\/\/asd-patent.com\/en\/wp-json\/wp\/v2\/pages"}],"about":[{"href":"https:\/\/asd-patent.com\/en\/wp-json\/wp\/v2\/types\/page"}],"author":[{"embeddable":true,"href":"https:\/\/asd-patent.com\/en\/wp-json\/wp\/v2\/users\/1"}],"replies":[{"embeddable":true,"href":"https:\/\/asd-patent.com\/en\/wp-json\/wp\/v2\/comments?post=8525"}],"version-history":[{"count":13,"href":"https:\/\/asd-patent.com\/en\/wp-json\/wp\/v2\/pages\/8525\/revisions"}],"predecessor-version":[{"id":8545,"href":"https:\/\/asd-patent.com\/en\/wp-json\/wp\/v2\/pages\/8525\/revisions\/8545"}],"wp:attachment":[{"href":"https:\/\/asd-patent.com\/en\/wp-json\/wp\/v2\/media?parent=8525"}],"curies":[{"name":"wp","href":"https:\/\/api.w.org\/{rel}","templated":true}]}}